{"id":12233,"date":"2019-12-09T20:21:10","date_gmt":"2019-12-10T01:21:10","guid":{"rendered":"https:\/\/www.cac-accr.ca\/?page_id=12233"},"modified":"2025-10-10T22:37:15","modified_gmt":"2025-10-11T02:37:15","slug":"ateliers-du-congres","status":"publish","type":"page","link":"https:\/\/www.cac-accr.ca\/fr\/nos-congres\/ateliers-du-congres\/","title":{"rendered":"Ateliers du congr\u00e8s"},"content":{"rendered":"<div class=\"wpb-content-wrapper\">[vc_row][vc_column][vc_column_text css=\u00a0\u00bb.vc_custom_1753580230974{margin-bottom: 0px !important;}\u00a0\u00bb]<strong>Certification &#8211; Op\u00e9rateur\u00b7rice d\u201danalyseur \u00e0 fluorescence rayons X (FRX)<\/strong><br \/>\nMus\u00e9e canadien de l\u2019histoire (MCH), Centre du recherche du MCH<br \/>\n100 Laurier Street, Gatineau, Qu\u00e9bec, K1A 0M8<\/p>\n<p><strong>Session 1 : 20 October 2025, 9h00 &#8211; 16h00 HAE<\/strong><br \/>\n<strong>Session 2 : 22 October 2025, 9h00 &#8211; 16h00 HAE<\/strong><\/p>\n<p><strong>Max Participants\u00b7e\u00b7s : 16 par session<\/strong><br \/>\n<strong>Inscription : 150$<\/strong> (comprend les frais du centre d&rsquo;examen)<br \/>\n*N\u2019inclut pas les frais de demande aupr\u00e8s de l\u2019Organisme national de certification en essais non destructifs de Ressources naturelles Canada (ONCEND de RNCan), ni les examens de niveau 1 ou 2. Pour plus de d\u00e9tails concernant les frais exig\u00e9s par RNCan, ainsi que pour en savoir davantage sur les \u00e9tapes menant \u00e0 la certification d\u2019op\u00e9rateur\u00b7rice d\u2019analyseur FRX, veuillez consulter le <a href=\"https:\/\/ressources-naturelles.canada.ca\/science-donnees\/science-recherche\/demandez-certification-operateur-danalyseur-frx?_gl=1*gdvl6n*_ga*MjA3Mjk0NjgyNy4xNjc4NDU2Njg1*_ga_C2N57Y7DX5*czE3NTEwMzMxMjkkbzEkZzEkdDE3NTEwMzM0MDckajYwJGwwJGgw\" target=\"_blank\" rel=\"noopener\">site internet de RNCan<\/a>.[\/vc_column_text][vc_column_text css=\u00a0\u00bb.vc_custom_1753580342769{margin-bottom: 0px !important;}\u00a0\u00bb]<strong>Description :<\/strong><br \/>\nEn coordination avec le nouveau programme de pr\u00eat de spectrom\u00e8tres \u00e0 fluorescence des rayons X de l\u2019Institut canadien de conservation, deux sessions de formation d\u2019une journ\u00e9e compl\u00e8te seront offertes afin de familiariser et de former les restaurateur\u00b7rice\u00b7s du Canada \u00e0 l\u2019utilisation analyseurs FRX. Cette formation leur donnera l\u2019occasion de pr\u00e9parer leur certification de niveau 1 ou de niveau 2. Une liste d\u2019attente sera mise en place une fois le nombre maximal de participant\u00b7e\u00b7s atteint.<br \/>\nL&rsquo;\u00e9v\u00e9nement sera pr\u00e9sent\u00e9 en anglais.<\/p>\n<p><strong>Instructrice :<\/strong><br \/>\nMaeve Moriarty, Institut canadien de conservation<\/p>\n<p><strong>Remarques :<\/strong><br \/>\nUne session obligatoire de 3 heures en ligne aura lieu le 16 octobre 2025 avant l&rsquo;atelier de certification d&rsquo;une journ\u00e9e compl\u00e8te afin de passer en revue les informations th\u00e9oriques relatives \u00e0 la certification FRX. Les participant\u00b7e\u00b7s inscrit\u00b7e\u00b7s qui souhaitent passer l&rsquo;examen de certification doivent assister \u00e0 cet \u00e9v\u00e9nement, sinon ils ne seront pas autoris\u00e9s \u00e0 passer le test.<br \/>\nLe repas du midi n\u2019est pas fourni pendant l\u2019\u00e9v\u00e9nement. Vous pouvez apporter votre propre repas ou acheter de quoi manger \u00e0 la caf\u00e9t\u00e9ria ou dans les commerces \u00e0 proximit\u00e9.[\/vc_column_text][\/vc_column][\/vc_row][vc_row][vc_column][vc_separator color=\u00a0\u00bbcustom\u00a0\u00bb css=\u00a0\u00bb\u00a0\u00bb accent_color=\u00a0\u00bb#CAB74C\u00a0\u00bb][\/vc_column][\/vc_row][vc_row][vc_column][vc_column_text css=\u00a0\u00bb.vc_custom_1753580289232{margin-bottom: 0px !important;}\u00a0\u00bb]<strong>Bois massif cintr\u00e9 \u00e0 la vapeur : cultures, savoir-faire et pr\u00e9servation<\/strong><br \/>\nMus\u00e9e canadien de l\u2019histoire, Atelier<br \/>\n100 Laurier Street, Gatineau, Qu\u00e9bec, K1A 0M8<\/p>\n<p><strong>Jour 1 : 20 octobre 2025, 9h00 &#8211; 17h00 HAE<\/strong><br \/>\n<strong>Jour 2 : 21 octobre 2025, 9h00 &#8211; 17h00 HAE<\/strong><\/p>\n<p><strong>Max Participant\u00b7e\u00b7s : 15<\/strong><br \/>\n<strong>Inscription membres : 300$<\/strong><br \/>\n<strong>Inscription non-membres : 375$<\/strong>[\/vc_column_text][vc_column_text css=\u00a0\u00bb.vc_custom_1760150200642{margin-bottom: 0px !important;}\u00a0\u00bb]<strong>Description :<\/strong><br \/>\nCet atelier pratique vous fera d\u00e9couvrir des objets en bois cintr\u00e9 \u00e0 la vapeur, fabriqu\u00e9s tant par des artisans autochtones que non autochtones. L\u2019accent sera mis sur la signification culturelle de ces objets pour les communaut\u00e9s qui les fabriquent, sur l\u2019impact de la vapeur sur le bois en tant que mat\u00e9riau et la fa\u00e7on dont ces objets \u00e9voluent au fil du temps. Les discussions seront illustr\u00e9es par un large \u00e9ventail d&rsquo;objets en bois courb\u00e9s \u00e0 la vapeur s\u00e9lectionn\u00e9s dans la collection du Mus\u00e9e canadien de l\u2019histoire.<br \/>\nL\u2019artiste ha\u00efda Jaalen Edenshaw nous fera d\u00e9couvrir son art et nous guidera dans la cr\u00e9ation de nos propres petites bo\u00eetes en bois cintr\u00e9. Les participants auront \u00e9galement l&rsquo;occasion d&rsquo;essayer plusieurs autres exercices de cintrage. Au cours de ces deux journ\u00e9es, vous apprendrez \u00e0 comprendre le comportement du bois lorsqu&rsquo;il est soumis \u00e0 la chaleur et \u00e0 l&rsquo;humidit\u00e9, ainsi que les comp\u00e9tences et l&rsquo;exp\u00e9rience n\u00e9cessaires pour r\u00e9ussir vos cintrages. D\u00e9couvrez comment la chaleur et l&rsquo;eau peuvent \u00eatre utilis\u00e9es pour courber le bois massif et cr\u00e9er une grande vari\u00e9t\u00e9 d&rsquo;objets magnifiques et fonctionnels tels que des bo\u00eetes en bois courb\u00e9 ha\u00efda, des cano\u00ebs et des hame\u00e7ons \u00e0 fl\u00e9tan, des raquettes de diff\u00e9rentes cultures, des chaises Thonet fabriqu\u00e9es en usine, des roues de charrette, des luges et d&rsquo;innombrables autres objets, tous r\u00e9alis\u00e9s en appliquant de la vapeur sur du bois massif.<br \/>\nLe deuxi\u00e8me jour de l&rsquo;atelier, Jaalen sera rejoint par un sp\u00e9cialiste du bois, un conservateur et des restaurateur\u00b7rice\u00b7s pour une table ronde. S&rsquo;appuyant \u00e0 la fois sur les techniques traditionnelles et la science des mat\u00e9riaux, cette discussion vise \u00e0 offrir aux participant\u00b7e\u00b7s une vari\u00e9t\u00e9 de perspectives qui les aideront \u00e0 prendre des d\u00e9cisions \u00e9clair\u00e9es concernant la conservation des objets en bois cintr\u00e9 \u00e0 la vapeur dont ils ont la charge.<\/p>\n<p>L&rsquo;\u00e9v\u00e9nement sera pr\u00e9sent\u00e9 en anglais.<\/p>\n<p><strong>Instructrices :<\/strong><br \/>\nJulia Campbell-Such, Mus\u00e9e des beaux-arts de l\u2019Ontario<br \/>\nAnne-St\u00e9phanie Etienne, Institut canadien de conservation<br \/>\nEmily Lin, Mus\u00e9e canadien de l\u2019histoire<\/p>\n<p>Intervenant invit\u00e9 :<br \/>\nJaalen Edenshaw, <a href=\"https:\/\/jaalen.net\/\" target=\"_blank\" rel=\"noopener\">Artiste Haida et artisan<\/a><br \/>\nTom Strang, Scientifique principal en conservation<br \/>\nDr Otto Eggert, Docteur en ing\u00e9nierie, <a href=\"https:\/\/www.ghebavaria.de\/en\/homepage.html\" target=\"_blank\" rel=\"noopener\">GHEbavaria<\/a><\/p>\n<p><strong>Remarques :<\/strong><br \/>\nLe repas du midi n\u2019est pas fourni pendant l\u2019\u00e9v\u00e9nement. Vous pouvez apporter votre propre repas ou acheter de quoi manger \u00e0 la caf\u00e9t\u00e9ria ou dans les commerces \u00e0 proximit\u00e9.<br \/>\nDes v\u00eatements de travail appropri\u00e9s et des chaussures ferm\u00e9es sont obligatoires pour cet \u00e9v\u00e9nement.[\/vc_column_text][\/vc_column][\/vc_row][vc_row][vc_column][vc_separator color=\u00a0\u00bbcustom\u00a0\u00bb css=\u00a0\u00bb\u00a0\u00bb accent_color=\u00a0\u00bb#CAB74C\u00a0\u00bb][\/vc_column][\/vc_row][vc_row][vc_column][vc_column_text css=\u00a0\u00bb.vc_custom_1753579859708{margin-bottom: 0px !important;}\u00a0\u00bb]<strong>Le soin des avions dans les mus\u00e9es<\/strong><br \/>\nMus\u00e9e de l\u2019aviation et de l&rsquo;espace du Canada<br \/>\n11 Aviation Pkwy, Ottawa, ON K1K 2X5<\/p>\n<p><strong>21 October 2025, 8h30 &#8211; 16h30 HAE<\/strong><\/p>\n<p><strong>Max Participant\u00b7e\u00b7s : 15<\/strong><br \/>\n<strong>Inscription : 50$<\/strong>[\/vc_column_text][vc_column_text css=\u00a0\u00bb.vc_custom_1760150228254{margin-bottom: 0px !important;}\u00a0\u00bb]<strong>Description :<\/strong><br \/>\nJoignez-vous au personnel de conservation et de restauration d\u2019Ingenium pour d\u00e9couvrir les principes fondamentaux du soin des avions historiques dans les collections mus\u00e9ales. Nous traiterons de certains aspects particuliers de leur acquisition, de leur gestion et de leur documentation,et offrirons une introduction au fonctionnement et \u00e0 l&rsquo;utilisation des a\u00e9ronefs et des composants a\u00e9ronautiques. Vous apprendrez sur certains probl\u00e8mes de conservation, comme les d\u00e9chirures du tissu, le travail de l&rsquo;aluminium et la d\u00e9t\u00e9rioration des pneus, et serez form\u00e9 \u00e0 certaines pratiques visant \u00e0 r\u00e9duire les risques pour la pr\u00e9servation. Nous aborderons \u00e9galement les d\u00e9fis et les solutions li\u00e9s au stockage des avions \u00e0 l&rsquo;ext\u00e9rieur, et expliquerons des techniques pour d\u00e9placer les avions sur les sites des mus\u00e9es.<\/p>\n<p>Le port de bottes de s\u00e9curit\u00e9 \u00e0 embout d\u2019acier est OBLIGATOIRE pour participer \u00e0 cet \u00e9v\u00e9nement.<\/p>\n<p>L&rsquo;\u00e9v\u00e9nement sera pr\u00e9sent\u00e9 en anglais.<\/p>\n<p><strong>Instructeur\u00b7rice\u00b7s :<\/strong><br \/>\nMatt Bruce, Restaurateur, Ingenium<br \/>\nR\u00e9jean Demers, Restaurateur- Entretien d\u2019a\u00e9ronefs, Ingenium<br \/>\nRaymond Contant, Restaurateur &#8211; Entretien d\u2019a\u00e9ronefs, Ingenium<br \/>\nErin Secord, Gestionnaire &#8211; Restauration, Ingenium<\/p>\n<p><strong>Remarques :<\/strong><br \/>\n**Cet \u00e9v\u00e9nement se d\u00e9roule en personne au Mus\u00e9e de l&rsquo;aviation et de l&rsquo;espace du Canada. Veuillez v\u00e9rifier les options de transport en commun ou de covoiturage avant l&rsquo;\u00e9v\u00e9nement. (Le trajet dure environ 15 minutes en voiture ou 1 h 30 avec OC Transpo.<br \/>\nDes v\u00eatements de travail et des chaussures ferm\u00e9es doivent \u00eatre port\u00e9s en tout temps pour cet \u00e9v\u00e9nement.<br \/>\nLe repas du midi n&rsquo;est pas fourni pendant l&rsquo;\u00e9v\u00e9nement. N&rsquo;h\u00e9sitez pas \u00e0 apporter votre propre repas (micro-ondes disponible) ou \u00e0 acheter de quoi manger dans les restaurants \u00e0 proximit\u00e9.[\/vc_column_text][\/vc_column][\/vc_row][vc_row][vc_column][vc_separator color=\u00a0\u00bbcustom\u00a0\u00bb css=\u00a0\u00bb\u00a0\u00bb accent_color=\u00a0\u00bb#CAB74C\u00a0\u00bb][\/vc_column][\/vc_row][vc_row][vc_column][vc_column_text css=\u00a0\u00bb.vc_custom_1754747318883{margin-bottom: 0px !important;}\u00a0\u00bb]<strong>Art et conservation au 20e si\u00e8cle : les papiers fins au Canada<\/strong><br \/>\nMus\u00e9e canadien de l\u2019histoire (MCH), Centre de recherche du MCH<br \/>\n100 Laurier Street, Gatineau, Qu\u00e9bec, K1A 0M8<\/p>\n<p><strong>21 October 21 2025, 9h00 &#8211; 16h30 HAE<\/strong><\/p>\n<p><strong>Max Participant\u00b7e\u00b7s : 20<\/strong><br \/>\n<strong>Inscription membre : 150$<\/strong><br \/>\n<strong>Inscription non-membres: 225$<\/strong>[\/vc_column_text][vc_column_text css=\u00a0\u00bb.vc_custom_1754747347121{margin-bottom: 0px !important;}\u00a0\u00bb]<strong>Description :<\/strong><br \/>\nL&rsquo;atelier pr\u00e9sentera les r\u00e9sultats des recherches men\u00e9es \u00e0 ce jour sur le commerce du papier fin en Am\u00e9rique du Nord au 20e si\u00e8cle et leurs implications pour les pratiques artistiques et la conservation et restauration des \u0153uvres d&rsquo;art au cours de cette m\u00eame p\u00e9riode. Des ressources rares permettant l\u2019identification des papiers principalement du XXe si\u00e8cle provenant de collections canadiennes seront consult\u00e9es et les fournisseurs sp\u00e9cialis\u00e9s de papiers utilis\u00e9s dans la production artistique et la conservation et restauration des \u0153uvres d&rsquo;art seront pass\u00e9s en revue. Des discussions et des activit\u00e9s seront anim\u00e9es par des sp\u00e9cialistes du fournisseur de papier washi The Japanese Paper Place et accompagn\u00e9es par l&rsquo;examen d&rsquo;\u0153uvres d&rsquo;art provenant des collections du Mus\u00e9e canadien de l&rsquo;histoire (MCH) et du Mus\u00e9e des beaux-arts du Canada (MBAC). L&rsquo;atelier permettra aux participant\u00b7e\u00b7s de mieux identifier et d\u00e9crire leurs collections sur papier, ainsi que d&rsquo;approfondir leurs connaissances des pratiques historiques en mati\u00e8re de conservation.<\/p>\n<p>L&rsquo;\u00e9v\u00e9nement sera pr\u00e9sent\u00e9 en anglais.<\/p>\n<p><strong>Instructrices :<\/strong><br \/>\nAmanda Gould, Mus\u00e9e canadien de l\u2019Histoire<br \/>\nLaura Hashimoto, Biblioth\u00e8que et Archives Canada<br \/>\nSigrid Blohm, \u201cJapanese Paper Place\u201d, Toronto<br \/>\nGabriela Rosas<\/p>\n<p><strong>Remarques :<\/strong><br \/>\nLe repas du midi n\u2019est pas fourni pendant l\u2019\u00e9v\u00e9nement. Vous pouvez apporter votre propre repas ou acheter de quoi manger \u00e0 la caf\u00e9t\u00e9ria ou dans les commerces \u00e0 proximit\u00e9.[\/vc_column_text][\/vc_column][\/vc_row]\n<\/div>","protected":false},"excerpt":{"rendered":"<p>[vc_row][vc_column][vc_column_text css=\u00a0\u00bb.vc_custom_1753580230974{margin-bottom: 0px !important;}\u00a0\u00bb]Certification &#8211; Op\u00e9rateur\u00b7rice d\u201danalyseur \u00e0 fluorescence rayons X (FRX) Mus\u00e9e canadien de l\u2019histoire (MCH), Centre du recherche du MCH 100 Laurier Street, Gatineau, Qu\u00e9bec, K1A 0M8 Session 1 : 20 October 2025, 9h00 &#8211; 16h00 HAE Session 2 : 22 October 2025, 9h00 &#8211; 16h00 HAE Max Participants\u00b7e\u00b7s : 16 par session [&hellip;]<\/p>\n","protected":false},"author":271,"featured_media":0,"parent":5226,"menu_order":0,"comment_status":"closed","ping_status":"closed","template":"","meta":{"_acf_changed":false,"rs_blank_template":"","rs_page_bg_color":"","slide_template_v7":"","footnotes":""},"class_list":["post-12233","page","type-page","status-publish","hentry"],"acf":[],"yoast_head":"<!-- This site is optimized with the Yoast SEO plugin v27.4 - https:\/\/yoast.com\/product\/yoast-seo-wordpress\/ -->\n<title>Ateliers du congr\u00e8s - l&#039;Association canadienne pour la conservation et la restauration des biens culturels<\/title>\n<meta name=\"robots\" content=\"index, follow, max-snippet:-1, max-image-preview:large, max-video-preview:-1\" \/>\n<link rel=\"canonical\" href=\"https:\/\/www.cac-accr.ca\/fr\/nos-congres\/ateliers-du-congres\/\" \/>\n<meta property=\"og:locale\" content=\"fr_FR\" \/>\n<meta property=\"og:type\" content=\"article\" \/>\n<meta property=\"og:title\" content=\"Ateliers du congr\u00e8s - l&#039;Association canadienne pour la conservation et la restauration des biens culturels\" \/>\n<meta property=\"og:description\" content=\"[vc_row][vc_column][vc_column_text css=\u00a0\u00bb.vc_custom_1753580230974{margin-bottom: 0px !important;}\u00a0\u00bb]Certification &#8211; Op\u00e9rateur\u00b7rice d\u201danalyseur \u00e0 fluorescence rayons X (FRX) Mus\u00e9e canadien de l\u2019histoire (MCH), Centre du recherche du MCH 100 Laurier Street, Gatineau, Qu\u00e9bec, K1A 0M8 Session 1 : 20 October 2025, 9h00 &#8211; 16h00 HAE Session 2 : 22 October 2025, 9h00 &#8211; 16h00 HAE Max Participants\u00b7e\u00b7s : 16 par session [&hellip;]\" \/>\n<meta property=\"og:url\" content=\"https:\/\/www.cac-accr.ca\/fr\/nos-congres\/ateliers-du-congres\/\" \/>\n<meta property=\"og:site_name\" content=\"l&#039;Association canadienne pour la conservation et la restauration des biens culturels\" \/>\n<meta property=\"article:publisher\" content=\"https:\/\/www.facebook.com\/Canadian-Association-for-Conservation-of-Cultural-Property-289264431135291\/\" \/>\n<meta property=\"article:modified_time\" content=\"2025-10-11T02:37:15+00:00\" \/>\n<meta name=\"twitter:card\" content=\"summary_large_image\" \/>\n<meta name=\"twitter:site\" content=\"@CAC_ACCR\" \/>\n<meta name=\"twitter:label1\" content=\"Dur\u00e9e de lecture estim\u00e9e\" \/>\n\t<meta name=\"twitter:data1\" content=\"6 minutes\" \/>\n<script type=\"application\/ld+json\" class=\"yoast-schema-graph\">{\"@context\":\"https:\\\/\\\/schema.org\",\"@graph\":[{\"@type\":\"WebPage\",\"@id\":\"https:\\\/\\\/www.cac-accr.ca\\\/fr\\\/nos-congres\\\/ateliers-du-congres\\\/\",\"url\":\"https:\\\/\\\/www.cac-accr.ca\\\/fr\\\/nos-congres\\\/ateliers-du-congres\\\/\",\"name\":\"Ateliers du congr\u00e8s - l'Association canadienne pour la conservation et la restauration des biens culturels\",\"isPartOf\":{\"@id\":\"https:\\\/\\\/www.cac-accr.ca\\\/fr\\\/#website\"},\"datePublished\":\"2019-12-10T01:21:10+00:00\",\"dateModified\":\"2025-10-11T02:37:15+00:00\",\"breadcrumb\":{\"@id\":\"https:\\\/\\\/www.cac-accr.ca\\\/fr\\\/nos-congres\\\/ateliers-du-congres\\\/#breadcrumb\"},\"inLanguage\":\"fr-FR\",\"potentialAction\":[{\"@type\":\"ReadAction\",\"target\":[\"https:\\\/\\\/www.cac-accr.ca\\\/fr\\\/nos-congres\\\/ateliers-du-congres\\\/\"]}]},{\"@type\":\"BreadcrumbList\",\"@id\":\"https:\\\/\\\/www.cac-accr.ca\\\/fr\\\/nos-congres\\\/ateliers-du-congres\\\/#breadcrumb\",\"itemListElement\":[{\"@type\":\"ListItem\",\"position\":1,\"name\":\"Home\",\"item\":\"https:\\\/\\\/www.cac-accr.ca\\\/fr\\\/\"},{\"@type\":\"ListItem\",\"position\":2,\"name\":\"Nos Congr\u00e8s\",\"item\":\"https:\\\/\\\/www.cac-accr.ca\\\/fr\\\/nos-congres\\\/\"},{\"@type\":\"ListItem\",\"position\":3,\"name\":\"Ateliers du congr\u00e8s\"}]},{\"@type\":\"WebSite\",\"@id\":\"https:\\\/\\\/www.cac-accr.ca\\\/fr\\\/#website\",\"url\":\"https:\\\/\\\/www.cac-accr.ca\\\/fr\\\/\",\"name\":\"Canadian Association for Conservation of Cultural Property\",\"description\":\"\",\"publisher\":{\"@id\":\"https:\\\/\\\/www.cac-accr.ca\\\/fr\\\/#organization\"},\"potentialAction\":[{\"@type\":\"SearchAction\",\"target\":{\"@type\":\"EntryPoint\",\"urlTemplate\":\"https:\\\/\\\/www.cac-accr.ca\\\/fr\\\/?s={search_term_string}\"},\"query-input\":{\"@type\":\"PropertyValueSpecification\",\"valueRequired\":true,\"valueName\":\"search_term_string\"}}],\"inLanguage\":\"fr-FR\"},{\"@type\":\"Organization\",\"@id\":\"https:\\\/\\\/www.cac-accr.ca\\\/fr\\\/#organization\",\"name\":\"Canadian Association for Conservation of Cultural Property (CAC)\",\"url\":\"https:\\\/\\\/www.cac-accr.ca\\\/fr\\\/\",\"logo\":{\"@type\":\"ImageObject\",\"inLanguage\":\"fr-FR\",\"@id\":\"https:\\\/\\\/www.cac-accr.ca\\\/fr\\\/#\\\/schema\\\/logo\\\/image\\\/\",\"url\":\"https:\\\/\\\/www.cac-accr.ca\\\/wp-content\\\/uploads\\\/2017\\\/11\\\/cac-accr-logo.png\",\"contentUrl\":\"https:\\\/\\\/www.cac-accr.ca\\\/wp-content\\\/uploads\\\/2017\\\/11\\\/cac-accr-logo.png\",\"width\":390,\"height\":140,\"caption\":\"Canadian Association for Conservation of Cultural Property (CAC)\"},\"image\":{\"@id\":\"https:\\\/\\\/www.cac-accr.ca\\\/fr\\\/#\\\/schema\\\/logo\\\/image\\\/\"},\"sameAs\":[\"https:\\\/\\\/www.facebook.com\\\/Canadian-Association-for-Conservation-of-Cultural-Property-289264431135291\\\/\",\"https:\\\/\\\/x.com\\\/CAC_ACCR\",\"https:\\\/\\\/www.instagram.com\\\/cac_accr\\\/\"]}]}<\/script>\n<!-- \/ Yoast SEO plugin. -->","yoast_head_json":{"title":"Ateliers du congr\u00e8s - l'Association canadienne pour la conservation et la restauration des biens culturels","robots":{"index":"index","follow":"follow","max-snippet":"max-snippet:-1","max-image-preview":"max-image-preview:large","max-video-preview":"max-video-preview:-1"},"canonical":"https:\/\/www.cac-accr.ca\/fr\/nos-congres\/ateliers-du-congres\/","og_locale":"fr_FR","og_type":"article","og_title":"Ateliers du congr\u00e8s - l'Association canadienne pour la conservation et la restauration des biens culturels","og_description":"[vc_row][vc_column][vc_column_text css=\u00a0\u00bb.vc_custom_1753580230974{margin-bottom: 0px !important;}\u00a0\u00bb]Certification &#8211; Op\u00e9rateur\u00b7rice d\u201danalyseur \u00e0 fluorescence rayons X (FRX) Mus\u00e9e canadien de l\u2019histoire (MCH), Centre du recherche du MCH 100 Laurier Street, Gatineau, Qu\u00e9bec, K1A 0M8 Session 1 : 20 October 2025, 9h00 &#8211; 16h00 HAE Session 2 : 22 October 2025, 9h00 &#8211; 16h00 HAE Max Participants\u00b7e\u00b7s : 16 par session [&hellip;]","og_url":"https:\/\/www.cac-accr.ca\/fr\/nos-congres\/ateliers-du-congres\/","og_site_name":"l'Association canadienne pour la conservation et la restauration des biens culturels","article_publisher":"https:\/\/www.facebook.com\/Canadian-Association-for-Conservation-of-Cultural-Property-289264431135291\/","article_modified_time":"2025-10-11T02:37:15+00:00","twitter_card":"summary_large_image","twitter_site":"@CAC_ACCR","twitter_misc":{"Dur\u00e9e de lecture estim\u00e9e":"6 minutes"},"schema":{"@context":"https:\/\/schema.org","@graph":[{"@type":"WebPage","@id":"https:\/\/www.cac-accr.ca\/fr\/nos-congres\/ateliers-du-congres\/","url":"https:\/\/www.cac-accr.ca\/fr\/nos-congres\/ateliers-du-congres\/","name":"Ateliers du congr\u00e8s - l'Association canadienne pour la conservation et la restauration des biens culturels","isPartOf":{"@id":"https:\/\/www.cac-accr.ca\/fr\/#website"},"datePublished":"2019-12-10T01:21:10+00:00","dateModified":"2025-10-11T02:37:15+00:00","breadcrumb":{"@id":"https:\/\/www.cac-accr.ca\/fr\/nos-congres\/ateliers-du-congres\/#breadcrumb"},"inLanguage":"fr-FR","potentialAction":[{"@type":"ReadAction","target":["https:\/\/www.cac-accr.ca\/fr\/nos-congres\/ateliers-du-congres\/"]}]},{"@type":"BreadcrumbList","@id":"https:\/\/www.cac-accr.ca\/fr\/nos-congres\/ateliers-du-congres\/#breadcrumb","itemListElement":[{"@type":"ListItem","position":1,"name":"Home","item":"https:\/\/www.cac-accr.ca\/fr\/"},{"@type":"ListItem","position":2,"name":"Nos Congr\u00e8s","item":"https:\/\/www.cac-accr.ca\/fr\/nos-congres\/"},{"@type":"ListItem","position":3,"name":"Ateliers du congr\u00e8s"}]},{"@type":"WebSite","@id":"https:\/\/www.cac-accr.ca\/fr\/#website","url":"https:\/\/www.cac-accr.ca\/fr\/","name":"Canadian Association for Conservation of Cultural Property","description":"","publisher":{"@id":"https:\/\/www.cac-accr.ca\/fr\/#organization"},"potentialAction":[{"@type":"SearchAction","target":{"@type":"EntryPoint","urlTemplate":"https:\/\/www.cac-accr.ca\/fr\/?s={search_term_string}"},"query-input":{"@type":"PropertyValueSpecification","valueRequired":true,"valueName":"search_term_string"}}],"inLanguage":"fr-FR"},{"@type":"Organization","@id":"https:\/\/www.cac-accr.ca\/fr\/#organization","name":"Canadian Association for Conservation of Cultural Property (CAC)","url":"https:\/\/www.cac-accr.ca\/fr\/","logo":{"@type":"ImageObject","inLanguage":"fr-FR","@id":"https:\/\/www.cac-accr.ca\/fr\/#\/schema\/logo\/image\/","url":"https:\/\/www.cac-accr.ca\/wp-content\/uploads\/2017\/11\/cac-accr-logo.png","contentUrl":"https:\/\/www.cac-accr.ca\/wp-content\/uploads\/2017\/11\/cac-accr-logo.png","width":390,"height":140,"caption":"Canadian Association for Conservation of Cultural Property (CAC)"},"image":{"@id":"https:\/\/www.cac-accr.ca\/fr\/#\/schema\/logo\/image\/"},"sameAs":["https:\/\/www.facebook.com\/Canadian-Association-for-Conservation-of-Cultural-Property-289264431135291\/","https:\/\/x.com\/CAC_ACCR","https:\/\/www.instagram.com\/cac_accr\/"]}]}},"_links":{"self":[{"href":"https:\/\/www.cac-accr.ca\/fr\/wp-json\/wp\/v2\/pages\/12233","targetHints":{"allow":["GET"]}}],"collection":[{"href":"https:\/\/www.cac-accr.ca\/fr\/wp-json\/wp\/v2\/pages"}],"about":[{"href":"https:\/\/www.cac-accr.ca\/fr\/wp-json\/wp\/v2\/types\/page"}],"author":[{"embeddable":true,"href":"https:\/\/www.cac-accr.ca\/fr\/wp-json\/wp\/v2\/users\/271"}],"replies":[{"embeddable":true,"href":"https:\/\/www.cac-accr.ca\/fr\/wp-json\/wp\/v2\/comments?post=12233"}],"version-history":[{"count":11,"href":"https:\/\/www.cac-accr.ca\/fr\/wp-json\/wp\/v2\/pages\/12233\/revisions"}],"predecessor-version":[{"id":26769,"href":"https:\/\/www.cac-accr.ca\/fr\/wp-json\/wp\/v2\/pages\/12233\/revisions\/26769"}],"up":[{"embeddable":true,"href":"https:\/\/www.cac-accr.ca\/fr\/wp-json\/wp\/v2\/pages\/5226"}],"wp:attachment":[{"href":"https:\/\/www.cac-accr.ca\/fr\/wp-json\/wp\/v2\/media?parent=12233"}],"curies":[{"name":"wp","href":"https:\/\/api.w.org\/{rel}","templated":true}]}}