{"id":12242,"date":"2019-12-09T20:41:58","date_gmt":"2019-12-10T01:41:58","guid":{"rendered":"https:\/\/www.cac-accr.ca\/?page_id=12242"},"modified":"2025-10-16T21:22:43","modified_gmt":"2025-10-17T01:22:43","slug":"commandites-du-congres","status":"publish","type":"page","link":"https:\/\/www.cac-accr.ca\/fr\/nos-congres\/commandites-du-congres\/","title":{"rendered":"Commandites du congr\u00e8s"},"content":{"rendered":"<div class=\"wpb-content-wrapper\">[vc_row][vc_column][vc_text_separator title=\u00a0\u00bbMerci aux commanditaires 2025&Prime; title_align=\u00a0\u00bbseparator_align_left\u00a0\u00bb css=\u00a0\u00bb\u00a0\u00bb][vc_column_text css=\u00a0\u00bb.vc_custom_1650936553257{margin-bottom: 0px !important;}\u00a0\u00bb]\n<h4>PARTENAIRE<\/h4>\n[\/vc_column_text][vc_row_inner][vc_column_inner width=\u00a0\u00bb1\/4&Prime;][mk_image src=\u00a0\u00bbhttps:\/\/www.cac-accr.ca\/wp-content\/uploads\/2025\/09\/logo-web-dl-heritage.png\u00a0\u00bb image_size=\u00a0\u00bblarge\u00a0\u00bb link=\u00a0\u00bbhttps:\/\/dlheritage.com\/\u00a0\u00bb target=\u00a0\u00bb_blank\u00a0\u00bb][\/vc_column_inner][vc_column_inner width=\u00a0\u00bb1\/4&Prime;][mk_image src=\u00a0\u00bbhttps:\/\/www.cac-accr.ca\/wp-content\/uploads\/2025\/09\/fhconservationtechlogo.jpg\u00a0\u00bb image_size=\u00a0\u00bblarge\u00a0\u00bb link=\u00a0\u00bbhttps:\/\/www.fhconservationtech.com\/\u00a0\u00bb target=\u00a0\u00bb_blank\u00a0\u00bb][\/vc_column_inner][vc_column_inner width=\u00a0\u00bb1\/4&Prime;][mk_image src=\u00a0\u00bbhttps:\/\/www.cac-accr.ca\/wp-content\/uploads\/2025\/10\/total_fa_tag_2colour-copy.jpg\u00a0\u00bb image_size=\u00a0\u00bbfull\u00a0\u00bb link=\u00a0\u00bbhttps:\/\/www.totalfinearts.com\/\u00a0\u00bb target=\u00a0\u00bb_blank\u00a0\u00bb][\/vc_column_inner][vc_column_inner width=\u00a0\u00bb1\/4&Prime;][\/vc_column_inner][\/vc_row_inner][vc_column_text css=\u00a0\u00bb.vc_custom_1759239847283{margin-bottom: 0px !important;}\u00a0\u00bb]\n<h4>SYMPATHISANT-E<\/h4>\n[\/vc_column_text][vc_row_inner][vc_column_inner width=\u00a0\u00bb1\/4&Prime;][mk_image src=\u00a0\u00bbhttps:\/\/www.cac-accr.ca\/wp-content\/uploads\/2025\/10\/fsr-vanilla-logo.jpg\u00a0\u00bb image_size=\u00a0\u00bblarge\u00a0\u00bb link=\u00a0\u00bbhttps:\/\/fsrconservation.com\/\u00a0\u00bb target=\u00a0\u00bb_blank\u00a0\u00bb][\/vc_column_inner][vc_column_inner width=\u00a0\u00bb1\/4&Prime;][mk_image src=\u00a0\u00bbhttps:\/\/www.cac-accr.ca\/wp-content\/uploads\/2021\/02\/tari-logo-scaled.jpg\u00a0\u00bb image_size=\u00a0\u00bbmedium\u00a0\u00bb link=\u00a0\u00bbhttps:\/\/torontoartrestoration.com\/\u00a0\u00bb target=\u00a0\u00bb_blank\u00a0\u00bb][\/vc_column_inner][vc_column_inner width=\u00a0\u00bb1\/4&Prime;][\/vc_column_inner][vc_column_inner width=\u00a0\u00bb1\/4&Prime;][\/vc_column_inner][\/vc_row_inner][vc_column_text css=\u00a0\u00bb.vc_custom_1759239961728{margin-bottom: 0px !important;}\u00a0\u00bb]\n<h4>DONATEUR-RICE<\/h4>\n[\/vc_column_text][vc_row_inner][vc_column_inner width=\u00a0\u00bb1\/4&Prime;][mk_image src=\u00a0\u00bbhttps:\/\/www.cac-accr.ca\/wp-content\/uploads\/2025\/09\/carrmclean_arc_logo.jpg\u00a0\u00bb image_size=\u00a0\u00bbmedium\u00a0\u00bb link=\u00a0\u00bbhttps:\/\/www.carrmclean.ca\/\u00a0\u00bb target=\u00a0\u00bb_blank\u00a0\u00bb][\/vc_column_inner][vc_column_inner width=\u00a0\u00bb1\/4&Prime;][mk_image src=\u00a0\u00bbhttps:\/\/www.cac-accr.ca\/wp-content\/uploads\/2025\/09\/click-netherfield-red-symbol-gray-text.png\u00a0\u00bb image_size=\u00a0\u00bbmedium\u00a0\u00bb link=\u00a0\u00bbhttps:\/\/www.clicknetherfield.com\/\u00a0\u00bb target=\u00a0\u00bb_blank\u00a0\u00bb][\/vc_column_inner][vc_column_inner width=\u00a0\u00bb1\/4&Prime;][mk_image src=\u00a0\u00bbhttps:\/\/www.cac-accr.ca\/wp-content\/uploads\/2021\/04\/jpp-logo.png\u00a0\u00bb image_size=\u00a0\u00bbmedium\u00a0\u00bb link=\u00a0\u00bbhttps:\/\/www.japanesepaperplace.com\/\u00a0\u00bb target=\u00a0\u00bb_blank\u00a0\u00bb][\/vc_column_inner][vc_column_inner width=\u00a0\u00bb1\/4&Prime;][mk_image src=\u00a0\u00bbhttps:\/\/www.cac-accr.ca\/wp-content\/uploads\/2025\/09\/restorart_logo_vector_capc_2025.png\u00a0\u00bb image_size=\u00a0\u00bbmedium\u00a0\u00bb link=\u00a0\u00bbhttps:\/\/www.restorart.com\/\u00a0\u00bb target=\u00a0\u00bb_blank\u00a0\u00bb][\/vc_column_inner][\/vc_row_inner][vc_column_text css=\u00a0\u00bb.vc_custom_1759240166273{margin-bottom: 0px !important;}\u00a0\u00bb]\n<h4>AMI-E<\/h4>\n[\/vc_column_text][vc_row_inner][vc_column_inner width=\u00a0\u00bb1\/4&Prime;][mk_image src=\u00a0\u00bbhttps:\/\/www.cac-accr.ca\/wp-content\/uploads\/2025\/09\/2020-museumproslogo-300-dpi.jpg\u00a0\u00bb image_size=\u00a0\u00bbmedium\u00a0\u00bb link=\u00a0\u00bbhttps:\/\/museumpros.com\/\u00a0\u00bb target=\u00a0\u00bb_blank\u00a0\u00bb][\/vc_column_inner][vc_column_inner width=\u00a0\u00bb1\/4&Prime;][mk_image src=\u00a0\u00bbhttps:\/\/www.cac-accr.ca\/wp-content\/uploads\/2025\/09\/smallcorp_pantone_tagline-no-line.jpg\u00a0\u00bb image_size=\u00a0\u00bbmedium\u00a0\u00bb link=\u00a0\u00bbhttps:\/\/www.smallcorp.com\/\u00a0\u00bb target=\u00a0\u00bb_blank\u00a0\u00bb][\/vc_column_inner][vc_column_inner width=\u00a0\u00bb1\/4&Prime;][mk_image src=\u00a0\u00bbhttps:\/\/www.cac-accr.ca\/wp-content\/uploads\/2025\/09\/fam-tru-vue-logo-square-white-on-dark-blue_300x300_300dpi.jpg\u00a0\u00bb link=\u00a0\u00bbhttps:\/\/tru-vue.com\/\u00a0\u00bb target=\u00a0\u00bb_blank\u00a0\u00bb][\/vc_column_inner][vc_column_inner width=\u00a0\u00bb1\/4&Prime;][mk_image src=\u00a0\u00bbhttps:\/\/www.cac-accr.ca\/wp-content\/uploads\/2025\/09\/ucs_ad_cac25.jpg\u00a0\u00bb image_size=\u00a0\u00bbmedium\u00a0\u00bb link=\u00a0\u00bbhttps:\/\/www.ucsart.com\/\u00a0\u00bb target=\u00a0\u00bb_blank\u00a0\u00bb][\/vc_column_inner][\/vc_row_inner][\/vc_column][\/vc_row][vc_row disable_element=\u00a0\u00bbyes\u00a0\u00bb][vc_column][vc_column_text css=\u00a0\u00bb.vc_custom_1583804182351{margin-bottom: 0px !important;}\u00a0\u00bb]L\u2019ACCR est un organisme caritatif sans but lucratif enregistr\u00e9 d\u00e9di\u00e9 \u00e0 la diffusion de connaissances portant sur la conservation et la restauration des biens culturels et du patrimoine du Canada. Notre congr\u00e8s annuel attire des professionnels de la conservation-restauration et de domaines connexes comme l\u2019art, la culture et le patrimoine du Canada et d\u2019ailleurs dans le monde. Le congr\u00e8s annuel explorera tous les aspects de la conservation-restauration, incluant la th\u00e9orie et le traitement, la gestion du risque, la conservation pr\u00e9ventive et les principes \u00e9thiques de la conservation.<\/p>\n<p>Nous sommes heureux de vous annoncer que des occasions <strong>DE SOUTIEN ET DE PROMOTION<\/strong> sont maintenant disponibles dans le cadre du congr\u00e8s 2020. Depuis pr\u00e8s de 50 ans, l\u2019ACCR d\u00e9montre son soutien continu des occasions d\u2019apprentissage et de la diffusion de renseignements utiles servant \u00e0 la protection du patrimoine culturel canadien. En soutenant le congr\u00e8s annuel de l\u2019ACCR au moyen d\u2019une commandite, vous vous allierez \u00e0 nous dans l\u2019important travail que nous r\u00e9alisons, en plus de faire la preuve du grand soutien envers les arts et le patrimoine qui existe au sein de notre communaut\u00e9. Cliquez <a href=\"https:\/\/www.cac-accr.ca\/wp-content\/uploads\/2020\/03\/cac-sponsorship-hamilton-2020_fr.pdf\" target=\"_blank\" rel=\"noopener noreferrer\">ici<\/a> pour plus d&rsquo;informations.[\/vc_column_text][\/vc_column][\/vc_row]\n<\/div>","protected":false},"excerpt":{"rendered":"<p>[vc_row][vc_column][vc_text_separator title=\u00a0\u00bbMerci aux commanditaires 2025&Prime; title_align=\u00a0\u00bbseparator_align_left\u00a0\u00bb css=\u00a0\u00bb\u00a0\u00bb][vc_column_text css=\u00a0\u00bb.vc_custom_1650936553257{margin-bottom: 0px !important;}\u00a0\u00bb] PARTENAIRE [\/vc_column_text][vc_row_inner][vc_column_inner width=\u00a0\u00bb1\/4&Prime;][mk_image src=\u00a0\u00bbhttps:\/\/www.cac-accr.ca\/wp-content\/uploads\/2025\/09\/logo-web-dl-heritage.png\u00a0\u00bb image_size=\u00a0\u00bblarge\u00a0\u00bb link=\u00a0\u00bbhttps:\/\/dlheritage.com\/\u00a0\u00bb target=\u00a0\u00bb_blank\u00a0\u00bb][\/vc_column_inner][vc_column_inner width=\u00a0\u00bb1\/4&Prime;][mk_image src=\u00a0\u00bbhttps:\/\/www.cac-accr.ca\/wp-content\/uploads\/2025\/09\/fhconservationtechlogo.jpg\u00a0\u00bb image_size=\u00a0\u00bblarge\u00a0\u00bb link=\u00a0\u00bbhttps:\/\/www.fhconservationtech.com\/\u00a0\u00bb target=\u00a0\u00bb_blank\u00a0\u00bb][\/vc_column_inner][vc_column_inner width=\u00a0\u00bb1\/4&Prime;][mk_image src=\u00a0\u00bbhttps:\/\/www.cac-accr.ca\/wp-content\/uploads\/2025\/10\/total_fa_tag_2colour-copy.jpg\u00a0\u00bb image_size=\u00a0\u00bbfull\u00a0\u00bb link=\u00a0\u00bbhttps:\/\/www.totalfinearts.com\/\u00a0\u00bb target=\u00a0\u00bb_blank\u00a0\u00bb][\/vc_column_inner][vc_column_inner width=\u00a0\u00bb1\/4&Prime;][\/vc_column_inner][\/vc_row_inner][vc_column_text css=\u00a0\u00bb.vc_custom_1759239847283{margin-bottom: 0px !important;}\u00a0\u00bb] SYMPATHISANT-E [\/vc_column_text][vc_row_inner][vc_column_inner width=\u00a0\u00bb1\/4&Prime;][mk_image src=\u00a0\u00bbhttps:\/\/www.cac-accr.ca\/wp-content\/uploads\/2025\/10\/fsr-vanilla-logo.jpg\u00a0\u00bb image_size=\u00a0\u00bblarge\u00a0\u00bb link=\u00a0\u00bbhttps:\/\/fsrconservation.com\/\u00a0\u00bb target=\u00a0\u00bb_blank\u00a0\u00bb][\/vc_column_inner][vc_column_inner width=\u00a0\u00bb1\/4&Prime;][mk_image src=\u00a0\u00bbhttps:\/\/www.cac-accr.ca\/wp-content\/uploads\/2021\/02\/tari-logo-scaled.jpg\u00a0\u00bb image_size=\u00a0\u00bbmedium\u00a0\u00bb link=\u00a0\u00bbhttps:\/\/torontoartrestoration.com\/\u00a0\u00bb target=\u00a0\u00bb_blank\u00a0\u00bb][\/vc_column_inner][vc_column_inner width=\u00a0\u00bb1\/4&Prime;][\/vc_column_inner][vc_column_inner width=\u00a0\u00bb1\/4&Prime;][\/vc_column_inner][\/vc_row_inner][vc_column_text css=\u00a0\u00bb.vc_custom_1759239961728{margin-bottom: 0px !important;}\u00a0\u00bb] DONATEUR-RICE [\/vc_column_text][vc_row_inner][vc_column_inner width=\u00a0\u00bb1\/4&Prime;][mk_image src=\u00a0\u00bbhttps:\/\/www.cac-accr.ca\/wp-content\/uploads\/2025\/09\/carrmclean_arc_logo.jpg\u00a0\u00bb image_size=\u00a0\u00bbmedium\u00a0\u00bb link=\u00a0\u00bbhttps:\/\/www.carrmclean.ca\/\u00a0\u00bb target=\u00a0\u00bb_blank\u00a0\u00bb][\/vc_column_inner][vc_column_inner [&hellip;]<\/p>\n","protected":false},"author":271,"featured_media":0,"parent":5226,"menu_order":0,"comment_status":"closed","ping_status":"closed","template":"","meta":{"_acf_changed":false,"rs_blank_template":"","rs_page_bg_color":"","slide_template_v7":"","footnotes":""},"class_list":["post-12242","page","type-page","status-publish","hentry"],"acf":[],"yoast_head":"<!-- This site is optimized with the Yoast SEO plugin v27.4 - https:\/\/yoast.com\/product\/yoast-seo-wordpress\/ -->\n<title>Commandites du congr\u00e8s - l&#039;Association canadienne pour la conservation et la restauration des biens culturels<\/title>\n<meta name=\"robots\" content=\"index, follow, max-snippet:-1, max-image-preview:large, max-video-preview:-1\" \/>\n<link rel=\"canonical\" href=\"https:\/\/www.cac-accr.ca\/fr\/nos-congres\/commandites-du-congres\/\" \/>\n<meta property=\"og:locale\" content=\"fr_FR\" \/>\n<meta property=\"og:type\" content=\"article\" \/>\n<meta property=\"og:title\" content=\"Commandites du congr\u00e8s - l&#039;Association canadienne pour la conservation et la restauration des biens culturels\" \/>\n<meta property=\"og:description\" content=\"[vc_row][vc_column][vc_text_separator title=\u00a0\u00bbMerci aux commanditaires 2025&Prime; title_align=\u00a0\u00bbseparator_align_left\u00a0\u00bb css=\u00a0\u00bb\u00a0\u00bb][vc_column_text css=\u00a0\u00bb.vc_custom_1650936553257{margin-bottom: 0px !important;}\u00a0\u00bb] PARTENAIRE [\/vc_column_text][vc_row_inner][vc_column_inner width=\u00a0\u00bb1\/4&Prime;][mk_image src=\u00a0\u00bbhttps:\/\/www.cac-accr.ca\/wp-content\/uploads\/2025\/09\/logo-web-dl-heritage.png\u00a0\u00bb image_size=\u00a0\u00bblarge\u00a0\u00bb link=\u00a0\u00bbhttps:\/\/dlheritage.com\/\u00a0\u00bb target=\u00a0\u00bb_blank\u00a0\u00bb][\/vc_column_inner][vc_column_inner width=\u00a0\u00bb1\/4&Prime;][mk_image src=\u00a0\u00bbhttps:\/\/www.cac-accr.ca\/wp-content\/uploads\/2025\/09\/fhconservationtechlogo.jpg\u00a0\u00bb image_size=\u00a0\u00bblarge\u00a0\u00bb link=\u00a0\u00bbhttps:\/\/www.fhconservationtech.com\/\u00a0\u00bb target=\u00a0\u00bb_blank\u00a0\u00bb][\/vc_column_inner][vc_column_inner width=\u00a0\u00bb1\/4&Prime;][mk_image src=\u00a0\u00bbhttps:\/\/www.cac-accr.ca\/wp-content\/uploads\/2025\/10\/total_fa_tag_2colour-copy.jpg\u00a0\u00bb image_size=\u00a0\u00bbfull\u00a0\u00bb link=\u00a0\u00bbhttps:\/\/www.totalfinearts.com\/\u00a0\u00bb target=\u00a0\u00bb_blank\u00a0\u00bb][\/vc_column_inner][vc_column_inner width=\u00a0\u00bb1\/4&Prime;][\/vc_column_inner][\/vc_row_inner][vc_column_text css=\u00a0\u00bb.vc_custom_1759239847283{margin-bottom: 0px !important;}\u00a0\u00bb] SYMPATHISANT-E [\/vc_column_text][vc_row_inner][vc_column_inner width=\u00a0\u00bb1\/4&Prime;][mk_image src=\u00a0\u00bbhttps:\/\/www.cac-accr.ca\/wp-content\/uploads\/2025\/10\/fsr-vanilla-logo.jpg\u00a0\u00bb image_size=\u00a0\u00bblarge\u00a0\u00bb link=\u00a0\u00bbhttps:\/\/fsrconservation.com\/\u00a0\u00bb target=\u00a0\u00bb_blank\u00a0\u00bb][\/vc_column_inner][vc_column_inner width=\u00a0\u00bb1\/4&Prime;][mk_image src=\u00a0\u00bbhttps:\/\/www.cac-accr.ca\/wp-content\/uploads\/2021\/02\/tari-logo-scaled.jpg\u00a0\u00bb image_size=\u00a0\u00bbmedium\u00a0\u00bb link=\u00a0\u00bbhttps:\/\/torontoartrestoration.com\/\u00a0\u00bb target=\u00a0\u00bb_blank\u00a0\u00bb][\/vc_column_inner][vc_column_inner width=\u00a0\u00bb1\/4&Prime;][\/vc_column_inner][vc_column_inner width=\u00a0\u00bb1\/4&Prime;][\/vc_column_inner][\/vc_row_inner][vc_column_text css=\u00a0\u00bb.vc_custom_1759239961728{margin-bottom: 0px !important;}\u00a0\u00bb] DONATEUR-RICE [\/vc_column_text][vc_row_inner][vc_column_inner width=\u00a0\u00bb1\/4&Prime;][mk_image src=\u00a0\u00bbhttps:\/\/www.cac-accr.ca\/wp-content\/uploads\/2025\/09\/carrmclean_arc_logo.jpg\u00a0\u00bb image_size=\u00a0\u00bbmedium\u00a0\u00bb link=\u00a0\u00bbhttps:\/\/www.carrmclean.ca\/\u00a0\u00bb target=\u00a0\u00bb_blank\u00a0\u00bb][\/vc_column_inner][vc_column_inner [&hellip;]\" \/>\n<meta property=\"og:url\" content=\"https:\/\/www.cac-accr.ca\/fr\/nos-congres\/commandites-du-congres\/\" \/>\n<meta property=\"og:site_name\" content=\"l&#039;Association canadienne pour la conservation et la restauration des biens culturels\" \/>\n<meta property=\"article:publisher\" content=\"https:\/\/www.facebook.com\/Canadian-Association-for-Conservation-of-Cultural-Property-289264431135291\/\" \/>\n<meta property=\"article:modified_time\" content=\"2025-10-17T01:22:43+00:00\" \/>\n<meta name=\"twitter:card\" content=\"summary_large_image\" \/>\n<meta name=\"twitter:site\" content=\"@CAC_ACCR\" \/>\n<meta name=\"twitter:label1\" content=\"Dur\u00e9e de lecture estim\u00e9e\" \/>\n\t<meta name=\"twitter:data1\" content=\"2 minutes\" \/>\n<script type=\"application\/ld+json\" class=\"yoast-schema-graph\">{\"@context\":\"https:\\\/\\\/schema.org\",\"@graph\":[{\"@type\":\"WebPage\",\"@id\":\"https:\\\/\\\/www.cac-accr.ca\\\/fr\\\/nos-congres\\\/commandites-du-congres\\\/\",\"url\":\"https:\\\/\\\/www.cac-accr.ca\\\/fr\\\/nos-congres\\\/commandites-du-congres\\\/\",\"name\":\"Commandites du congr\u00e8s - l'Association canadienne pour la conservation et la restauration des biens culturels\",\"isPartOf\":{\"@id\":\"https:\\\/\\\/www.cac-accr.ca\\\/fr\\\/#website\"},\"datePublished\":\"2019-12-10T01:41:58+00:00\",\"dateModified\":\"2025-10-17T01:22:43+00:00\",\"breadcrumb\":{\"@id\":\"https:\\\/\\\/www.cac-accr.ca\\\/fr\\\/nos-congres\\\/commandites-du-congres\\\/#breadcrumb\"},\"inLanguage\":\"fr-FR\",\"potentialAction\":[{\"@type\":\"ReadAction\",\"target\":[\"https:\\\/\\\/www.cac-accr.ca\\\/fr\\\/nos-congres\\\/commandites-du-congres\\\/\"]}]},{\"@type\":\"BreadcrumbList\",\"@id\":\"https:\\\/\\\/www.cac-accr.ca\\\/fr\\\/nos-congres\\\/commandites-du-congres\\\/#breadcrumb\",\"itemListElement\":[{\"@type\":\"ListItem\",\"position\":1,\"name\":\"Home\",\"item\":\"https:\\\/\\\/www.cac-accr.ca\\\/fr\\\/\"},{\"@type\":\"ListItem\",\"position\":2,\"name\":\"Nos Congr\u00e8s\",\"item\":\"https:\\\/\\\/www.cac-accr.ca\\\/fr\\\/nos-congres\\\/\"},{\"@type\":\"ListItem\",\"position\":3,\"name\":\"Commandites du congr\u00e8s\"}]},{\"@type\":\"WebSite\",\"@id\":\"https:\\\/\\\/www.cac-accr.ca\\\/fr\\\/#website\",\"url\":\"https:\\\/\\\/www.cac-accr.ca\\\/fr\\\/\",\"name\":\"Canadian Association for Conservation of Cultural Property\",\"description\":\"\",\"publisher\":{\"@id\":\"https:\\\/\\\/www.cac-accr.ca\\\/fr\\\/#organization\"},\"potentialAction\":[{\"@type\":\"SearchAction\",\"target\":{\"@type\":\"EntryPoint\",\"urlTemplate\":\"https:\\\/\\\/www.cac-accr.ca\\\/fr\\\/?s={search_term_string}\"},\"query-input\":{\"@type\":\"PropertyValueSpecification\",\"valueRequired\":true,\"valueName\":\"search_term_string\"}}],\"inLanguage\":\"fr-FR\"},{\"@type\":\"Organization\",\"@id\":\"https:\\\/\\\/www.cac-accr.ca\\\/fr\\\/#organization\",\"name\":\"Canadian Association for Conservation of Cultural Property (CAC)\",\"url\":\"https:\\\/\\\/www.cac-accr.ca\\\/fr\\\/\",\"logo\":{\"@type\":\"ImageObject\",\"inLanguage\":\"fr-FR\",\"@id\":\"https:\\\/\\\/www.cac-accr.ca\\\/fr\\\/#\\\/schema\\\/logo\\\/image\\\/\",\"url\":\"https:\\\/\\\/www.cac-accr.ca\\\/wp-content\\\/uploads\\\/2017\\\/11\\\/cac-accr-logo.png\",\"contentUrl\":\"https:\\\/\\\/www.cac-accr.ca\\\/wp-content\\\/uploads\\\/2017\\\/11\\\/cac-accr-logo.png\",\"width\":390,\"height\":140,\"caption\":\"Canadian Association for Conservation of Cultural Property (CAC)\"},\"image\":{\"@id\":\"https:\\\/\\\/www.cac-accr.ca\\\/fr\\\/#\\\/schema\\\/logo\\\/image\\\/\"},\"sameAs\":[\"https:\\\/\\\/www.facebook.com\\\/Canadian-Association-for-Conservation-of-Cultural-Property-289264431135291\\\/\",\"https:\\\/\\\/x.com\\\/CAC_ACCR\",\"https:\\\/\\\/www.instagram.com\\\/cac_accr\\\/\"]}]}<\/script>\n<!-- \/ Yoast SEO plugin. -->","yoast_head_json":{"title":"Commandites du congr\u00e8s - l'Association canadienne pour la conservation et la restauration des biens culturels","robots":{"index":"index","follow":"follow","max-snippet":"max-snippet:-1","max-image-preview":"max-image-preview:large","max-video-preview":"max-video-preview:-1"},"canonical":"https:\/\/www.cac-accr.ca\/fr\/nos-congres\/commandites-du-congres\/","og_locale":"fr_FR","og_type":"article","og_title":"Commandites du congr\u00e8s - l'Association canadienne pour la conservation et la restauration des biens culturels","og_description":"[vc_row][vc_column][vc_text_separator title=\u00a0\u00bbMerci aux commanditaires 2025&Prime; title_align=\u00a0\u00bbseparator_align_left\u00a0\u00bb css=\u00a0\u00bb\u00a0\u00bb][vc_column_text css=\u00a0\u00bb.vc_custom_1650936553257{margin-bottom: 0px !important;}\u00a0\u00bb] PARTENAIRE [\/vc_column_text][vc_row_inner][vc_column_inner width=\u00a0\u00bb1\/4&Prime;][mk_image src=\u00a0\u00bbhttps:\/\/www.cac-accr.ca\/wp-content\/uploads\/2025\/09\/logo-web-dl-heritage.png\u00a0\u00bb image_size=\u00a0\u00bblarge\u00a0\u00bb link=\u00a0\u00bbhttps:\/\/dlheritage.com\/\u00a0\u00bb target=\u00a0\u00bb_blank\u00a0\u00bb][\/vc_column_inner][vc_column_inner width=\u00a0\u00bb1\/4&Prime;][mk_image src=\u00a0\u00bbhttps:\/\/www.cac-accr.ca\/wp-content\/uploads\/2025\/09\/fhconservationtechlogo.jpg\u00a0\u00bb image_size=\u00a0\u00bblarge\u00a0\u00bb link=\u00a0\u00bbhttps:\/\/www.fhconservationtech.com\/\u00a0\u00bb target=\u00a0\u00bb_blank\u00a0\u00bb][\/vc_column_inner][vc_column_inner width=\u00a0\u00bb1\/4&Prime;][mk_image src=\u00a0\u00bbhttps:\/\/www.cac-accr.ca\/wp-content\/uploads\/2025\/10\/total_fa_tag_2colour-copy.jpg\u00a0\u00bb image_size=\u00a0\u00bbfull\u00a0\u00bb link=\u00a0\u00bbhttps:\/\/www.totalfinearts.com\/\u00a0\u00bb target=\u00a0\u00bb_blank\u00a0\u00bb][\/vc_column_inner][vc_column_inner width=\u00a0\u00bb1\/4&Prime;][\/vc_column_inner][\/vc_row_inner][vc_column_text css=\u00a0\u00bb.vc_custom_1759239847283{margin-bottom: 0px !important;}\u00a0\u00bb] SYMPATHISANT-E [\/vc_column_text][vc_row_inner][vc_column_inner width=\u00a0\u00bb1\/4&Prime;][mk_image src=\u00a0\u00bbhttps:\/\/www.cac-accr.ca\/wp-content\/uploads\/2025\/10\/fsr-vanilla-logo.jpg\u00a0\u00bb image_size=\u00a0\u00bblarge\u00a0\u00bb link=\u00a0\u00bbhttps:\/\/fsrconservation.com\/\u00a0\u00bb target=\u00a0\u00bb_blank\u00a0\u00bb][\/vc_column_inner][vc_column_inner width=\u00a0\u00bb1\/4&Prime;][mk_image src=\u00a0\u00bbhttps:\/\/www.cac-accr.ca\/wp-content\/uploads\/2021\/02\/tari-logo-scaled.jpg\u00a0\u00bb image_size=\u00a0\u00bbmedium\u00a0\u00bb link=\u00a0\u00bbhttps:\/\/torontoartrestoration.com\/\u00a0\u00bb target=\u00a0\u00bb_blank\u00a0\u00bb][\/vc_column_inner][vc_column_inner width=\u00a0\u00bb1\/4&Prime;][\/vc_column_inner][vc_column_inner width=\u00a0\u00bb1\/4&Prime;][\/vc_column_inner][\/vc_row_inner][vc_column_text css=\u00a0\u00bb.vc_custom_1759239961728{margin-bottom: 0px !important;}\u00a0\u00bb] DONATEUR-RICE [\/vc_column_text][vc_row_inner][vc_column_inner width=\u00a0\u00bb1\/4&Prime;][mk_image src=\u00a0\u00bbhttps:\/\/www.cac-accr.ca\/wp-content\/uploads\/2025\/09\/carrmclean_arc_logo.jpg\u00a0\u00bb image_size=\u00a0\u00bbmedium\u00a0\u00bb link=\u00a0\u00bbhttps:\/\/www.carrmclean.ca\/\u00a0\u00bb target=\u00a0\u00bb_blank\u00a0\u00bb][\/vc_column_inner][vc_column_inner [&hellip;]","og_url":"https:\/\/www.cac-accr.ca\/fr\/nos-congres\/commandites-du-congres\/","og_site_name":"l'Association canadienne pour la conservation et la restauration des biens culturels","article_publisher":"https:\/\/www.facebook.com\/Canadian-Association-for-Conservation-of-Cultural-Property-289264431135291\/","article_modified_time":"2025-10-17T01:22:43+00:00","twitter_card":"summary_large_image","twitter_site":"@CAC_ACCR","twitter_misc":{"Dur\u00e9e de lecture estim\u00e9e":"2 minutes"},"schema":{"@context":"https:\/\/schema.org","@graph":[{"@type":"WebPage","@id":"https:\/\/www.cac-accr.ca\/fr\/nos-congres\/commandites-du-congres\/","url":"https:\/\/www.cac-accr.ca\/fr\/nos-congres\/commandites-du-congres\/","name":"Commandites du congr\u00e8s - l'Association canadienne pour la conservation et la restauration des biens culturels","isPartOf":{"@id":"https:\/\/www.cac-accr.ca\/fr\/#website"},"datePublished":"2019-12-10T01:41:58+00:00","dateModified":"2025-10-17T01:22:43+00:00","breadcrumb":{"@id":"https:\/\/www.cac-accr.ca\/fr\/nos-congres\/commandites-du-congres\/#breadcrumb"},"inLanguage":"fr-FR","potentialAction":[{"@type":"ReadAction","target":["https:\/\/www.cac-accr.ca\/fr\/nos-congres\/commandites-du-congres\/"]}]},{"@type":"BreadcrumbList","@id":"https:\/\/www.cac-accr.ca\/fr\/nos-congres\/commandites-du-congres\/#breadcrumb","itemListElement":[{"@type":"ListItem","position":1,"name":"Home","item":"https:\/\/www.cac-accr.ca\/fr\/"},{"@type":"ListItem","position":2,"name":"Nos Congr\u00e8s","item":"https:\/\/www.cac-accr.ca\/fr\/nos-congres\/"},{"@type":"ListItem","position":3,"name":"Commandites du congr\u00e8s"}]},{"@type":"WebSite","@id":"https:\/\/www.cac-accr.ca\/fr\/#website","url":"https:\/\/www.cac-accr.ca\/fr\/","name":"Canadian Association for Conservation of Cultural Property","description":"","publisher":{"@id":"https:\/\/www.cac-accr.ca\/fr\/#organization"},"potentialAction":[{"@type":"SearchAction","target":{"@type":"EntryPoint","urlTemplate":"https:\/\/www.cac-accr.ca\/fr\/?s={search_term_string}"},"query-input":{"@type":"PropertyValueSpecification","valueRequired":true,"valueName":"search_term_string"}}],"inLanguage":"fr-FR"},{"@type":"Organization","@id":"https:\/\/www.cac-accr.ca\/fr\/#organization","name":"Canadian Association for Conservation of Cultural Property (CAC)","url":"https:\/\/www.cac-accr.ca\/fr\/","logo":{"@type":"ImageObject","inLanguage":"fr-FR","@id":"https:\/\/www.cac-accr.ca\/fr\/#\/schema\/logo\/image\/","url":"https:\/\/www.cac-accr.ca\/wp-content\/uploads\/2017\/11\/cac-accr-logo.png","contentUrl":"https:\/\/www.cac-accr.ca\/wp-content\/uploads\/2017\/11\/cac-accr-logo.png","width":390,"height":140,"caption":"Canadian Association for Conservation of Cultural Property (CAC)"},"image":{"@id":"https:\/\/www.cac-accr.ca\/fr\/#\/schema\/logo\/image\/"},"sameAs":["https:\/\/www.facebook.com\/Canadian-Association-for-Conservation-of-Cultural-Property-289264431135291\/","https:\/\/x.com\/CAC_ACCR","https:\/\/www.instagram.com\/cac_accr\/"]}]}},"_links":{"self":[{"href":"https:\/\/www.cac-accr.ca\/fr\/wp-json\/wp\/v2\/pages\/12242","targetHints":{"allow":["GET"]}}],"collection":[{"href":"https:\/\/www.cac-accr.ca\/fr\/wp-json\/wp\/v2\/pages"}],"about":[{"href":"https:\/\/www.cac-accr.ca\/fr\/wp-json\/wp\/v2\/types\/page"}],"author":[{"embeddable":true,"href":"https:\/\/www.cac-accr.ca\/fr\/wp-json\/wp\/v2\/users\/271"}],"replies":[{"embeddable":true,"href":"https:\/\/www.cac-accr.ca\/fr\/wp-json\/wp\/v2\/comments?post=12242"}],"version-history":[{"count":10,"href":"https:\/\/www.cac-accr.ca\/fr\/wp-json\/wp\/v2\/pages\/12242\/revisions"}],"predecessor-version":[{"id":26840,"href":"https:\/\/www.cac-accr.ca\/fr\/wp-json\/wp\/v2\/pages\/12242\/revisions\/26840"}],"up":[{"embeddable":true,"href":"https:\/\/www.cac-accr.ca\/fr\/wp-json\/wp\/v2\/pages\/5226"}],"wp:attachment":[{"href":"https:\/\/www.cac-accr.ca\/fr\/wp-json\/wp\/v2\/media?parent=12242"}],"curies":[{"name":"wp","href":"https:\/\/api.w.org\/{rel}","templated":true}]}}