{"id":5226,"date":"2018-01-18T17:34:41","date_gmt":"2018-01-18T22:34:41","guid":{"rendered":"https:\/\/www.www.cac-accr.ca\/?page_id=5226"},"modified":"2026-04-07T14:03:44","modified_gmt":"2026-04-07T18:03:44","slug":"nos-congres","status":"publish","type":"page","link":"https:\/\/www.cac-accr.ca\/fr\/nos-congres\/","title":{"rendered":"Nos Congr\u00e8s"},"content":{"rendered":"<div class=\"wpb-content-wrapper\">[vc_row][vc_column][mk_image src=\u00a0\u00bbhttps:\/\/www.cac-accr.ca\/wp-content\/uploads\/2026\/04\/2026am-flatscreen-design.jpg\u00a0\u00bb image_size=\u00a0\u00bbfull\u00a0\u00bb link=\u00a0\u00bbhttps:\/\/www.culturalheritage.org\/events\/annual-meeting\/current-meeting\u00a0\u00bb target=\u00a0\u00bb_blank\u00a0\u00bb margin_bottom=\u00a0\u00bb10&Prime;][\/vc_column][\/vc_row][vc_row][vc_column][vc_empty_space][vc_column_text margin_bottom=\u00a0\u00bb0&Prime; css=\u00a0\u00bb.vc_custom_1775585018373{margin-bottom: 0px !important;}\u00a0\u00bb]\n<h4><strong>Rejoignez-nous au congr\u00e8s conjoint AIC-ACCR 2026 !<br \/>\n<\/strong><strong>Palais des congr\u00e8s de Montr\u00e9al | Montr\u00e9al, Canada<\/strong><br \/>\n<strong>28 avril &#8211; 2 mai 2026<\/strong><\/h4>\n<p>L\u2019Association canadienne pour la conservation et la restauration des biens culturels vous invite chaleureusement \u00e0 participer \u00e0 la 54e assembl\u00e9e annuelle et au congr\u00e8s de l\u2019American Institute for Conservation, organis\u00e9s en partenariat avec l&rsquo;ACCR.<\/p>\n<p>L\u2019\u00e9dition de cette ann\u00e9e se tiendra sous le th\u00e8me : \u00ab Conservation et restauration: entre innovation et tradition \u00bb<\/p>\n<p>Cet \u00e9v\u00e9nement marque notre deuxi\u00e8me rencontre collaborative en dix ans et offre un forum pour faire progresser notre mission commune, \u00e9changer des id\u00e9es et interagir avec des coll\u00e8gues \u00e0 Montr\u00e9al, autant en pr\u00e9sentiel qu&rsquo;en virtuel.<\/p>\n<p>Vous avez des questions ? Veuillez adresser toutes vos questions \u00e0 <a href=\"mailto:conference@cac-accr.ca\">conference@cac-accr.ca<\/a>.[\/vc_column_text][\/vc_column][\/vc_row][vc_row disable_element=\u00a0\u00bbyes\u00a0\u00bb][vc_column][vc_column_text css=\u00a0\u00bb.vc_custom_1651365548650{margin-bottom: 0px !important;}\u00a0\u00bb]\n<h4>Encan silencieux annuel<\/h4>\n<p>Avec un congr\u00e8s hybride, nous optons cette ann\u00e9e pour un encan au penchant traditionnel qui se terminera par un social d\u00e9contract\u00e9. Soyez des n\u00f4tres le <strong>vendredi 13 mai 2022 \u00e0 19h HAE (16h HAP \/ 17h HM \/ 18h TC \/ 20h HAA)<\/strong> pour un \u00e9v\u00e9nement virtuel. Participez \u00e0 l\u2019encan et en plus ayez la chance de d\u00e9couvrir en avant-premi\u00e8re les articles avec l\u2019image de marque du congr\u00e8s de cette ann\u00e9e! Soyez au rendez-vous et nous esp\u00e9rons vous voir nombreux(ses).<\/p>\n<p><a href=\"https:\/\/us05web.zoom.us\/j\/84800607873?pwd=OHNBeFZsMEJuQVVZSk9oOFYrQlNzUT09\" target=\"_blank\" rel=\"noopener\">Participer \u00e0 la r\u00e9union Zoom.<\/a><br \/>\nID de r\u00e9union : 848 0060 7873<br \/>\nCode secret : yXi3VT[\/vc_column_text][\/vc_column][\/vc_row][vc_row disable_element=\u00a0\u00bbyes\u00a0\u00bb id=\u00a0\u00bbcommandite\u00a0\u00bb][vc_column][vc_empty_space el_id=\u00a0\u00bbsponsors\u00a0\u00bb][vc_text_separator title=\u00a0\u00bbCOMMANDITES DU CONGERS 2019&Prime; title_align=\u00a0\u00bbseparator_align_left\u00a0\u00bb align=\u00a0\u00bbalign_left\u00a0\u00bb el_id=\u00a0\u00bbcommandite\u00a0\u00bb][vc_column_text css=\u00a0\u00bb.vc_custom_1520307351143{margin-bottom: 0px !important;}\u00a0\u00bb]Sympathisants[\/vc_column_text][vc_row_inner disable_element=\u00a0\u00bbyes\u00a0\u00bb][vc_column_inner width=\u00a0\u00bb1\/6&Prime;][mk_image src=\u00a0\u00bbhttps:\/\/www.cac-accr.ca\/wp-content\/uploads\/2018\/01\/japanesepaperplace_logo.jpeg\u00a0\u00bb image_size=\u00a0\u00bbfull\u00a0\u00bb link=\u00a0\u00bbhttp:\/\/www.japanesepaperplace.com\/\u00a0\u00bb target=\u00a0\u00bb_blank\u00a0\u00bb][\/vc_column_inner][vc_column_inner width=\u00a0\u00bb1\/6&Prime;][mk_image src=\u00a0\u00bbhttps:\/\/www.cac-accr.ca\/wp-content\/uploads\/2018\/01\/smallcorp-logo-092217.jpg\u00a0\u00bb image_size=\u00a0\u00bbfull\u00a0\u00bb link=\u00a0\u00bbhttp:\/\/smallcorp.com\/\u00a0\u00bb target=\u00a0\u00bb_blank\u00a0\u00bb][\/vc_column_inner][vc_column_inner width=\u00a0\u00bb1\/2&Prime;][\/vc_column_inner][\/vc_row_inner][vc_column_text css=\u00a0\u00bb.vc_custom_1520221902887{margin-bottom: 0px !important;}\u00a0\u00bb]Supporter[\/vc_column_text][vc_row_inner][vc_column_inner width=\u00a0\u00bb1\/4&Prime;][mk_image src=\u00a0\u00bbhttps:\/\/www.cac-accr.ca\/wp-content\/uploads\/2018\/01\/assurart_logo_colour_rgb.jpg\u00a0\u00bb image_size=\u00a0\u00bbfull\u00a0\u00bb link=\u00a0\u00bbhttp:\/\/assurart.scassurance.com\/\u00a0\u00bb target=\u00a0\u00bb_blank\u00a0\u00bb][\/vc_column_inner][vc_column_inner width=\u00a0\u00bb1\/4&Prime;][mk_image src=\u00a0\u00bbhttps:\/\/www.cac-accr.ca\/wp-content\/uploads\/2018\/01\/goldenartistcolours_logo.jpg\u00a0\u00bb image_size=\u00a0\u00bbfull\u00a0\u00bb link=\u00a0\u00bbhttps:\/\/www.goldenpaints.com\/\u00a0\u00bb target=\u00a0\u00bb_blank\u00a0\u00bb][\/vc_column_inner][vc_column_inner width=\u00a0\u00bb1\/4&Prime;][\/vc_column_inner][vc_column_inner width=\u00a0\u00bb1\/4&Prime;][\/vc_column_inner][\/vc_row_inner][vc_column_text css=\u00a0\u00bb.vc_custom_1521119025862{margin-bottom: 0px !important;}\u00a0\u00bb]Donateur \u2013 Niveau 2[\/vc_column_text][vc_row_inner][vc_column_inner width=\u00a0\u00bb1\/6&Prime;][mk_image src=\u00a0\u00bbhttps:\/\/www.cac-accr.ca\/wp-content\/uploads\/2019\/05\/gaylord-archival.jpg\u00a0\u00bb image_size=\u00a0\u00bbfull\u00a0\u00bb link=\u00a0\u00bbhttps:\/\/www.gaylord.com\/\u00a0\u00bb target=\u00a0\u00bb_blank\u00a0\u00bb][\/vc_column_inner][vc_column_inner width=\u00a0\u00bb1\/6&Prime;][mk_image src=\u00a0\u00bbhttps:\/\/www.cac-accr.ca\/wp-content\/uploads\/2019\/05\/dorfmanlogo.png\u00a0\u00bb image_size=\u00a0\u00bbfull\u00a0\u00bb link=\u00a0\u00bbhttps:\/\/www.museumfigures.com\/\u00a0\u00bb target=\u00a0\u00bb_blank\u00a0\u00bb][\/vc_column_inner][vc_column_inner width=\u00a0\u00bb2\/6&Prime;][\/vc_column_inner][\/vc_row_inner][vc_column_text css=\u00a0\u00bb.vc_custom_1520307414939{margin-bottom: 0px !important;}\u00a0\u00bb]Donateur \u2013 Niveau 1[\/vc_column_text][vc_row_inner][vc_column_inner width=\u00a0\u00bb1\/6&Prime;][mk_image src=\u00a0\u00bbhttps:\/\/www.cac-accr.ca\/wp-content\/uploads\/2019\/05\/hsad-logo-rgb-300dpi.jpg\u00a0\u00bb image_size=\u00a0\u00bbfull\u00a0\u00bb link=\u00a0\u00bbhttps:\/\/flemingcollege.ca\/programs\/cultural-heritage-conservation-and-management\u00a0\u00bb target=\u00a0\u00bb_blank\u00a0\u00bb][\/vc_column_inner][vc_column_inner width=\u00a0\u00bb1\/6&Prime;][mk_image src=\u00a0\u00bbhttps:\/\/www.cac-accr.ca\/wp-content\/uploads\/2019\/05\/queens-university.jpg\u00a0\u00bb image_size=\u00a0\u00bbfull\u00a0\u00bb link=\u00a0\u00bbhttps:\/\/www.queensu.ca\/art\/art-conservation\u00a0\u00bb target=\u00a0\u00bb_blank\u00a0\u00bb][\/vc_column_inner][vc_column_inner width=\u00a0\u00bb1\/6&Prime;][mk_image src=\u00a0\u00bbhttps:\/\/www.cac-accr.ca\/wp-content\/uploads\/2018\/04\/final_willard_logo_blue.jpg\u00a0\u00bb image_size=\u00a0\u00bbfull\u00a0\u00bb link=\u00a0\u00bbhttps:\/\/www.willard.co.uk\/\u00a0\u00bb][\/vc_column_inner][vc_column_inner width=\u00a0\u00bb1\/6&Prime;][mk_image src=\u00a0\u00bbhttps:\/\/www.cac-accr.ca\/wp-content\/uploads\/2019\/05\/aulogostacked-1.jpg\u00a0\u00bb image_size=\u00a0\u00bbfull\u00a0\u00bb link=\u00a0\u00bbhttp:\/\/heritage.resources.athabascau.ca\/\u00a0\u00bb][\/vc_column_inner][vc_column_inner width=\u00a0\u00bb2\/6&Prime;][\/vc_column_inner][\/vc_row_inner][\/vc_column][\/vc_row]\n<\/div>","protected":false},"excerpt":{"rendered":"<p>[vc_row][vc_column][mk_image src=\u00a0\u00bbhttps:\/\/www.cac-accr.ca\/wp-content\/uploads\/2026\/04\/2026am-flatscreen-design.jpg\u00a0\u00bb image_size=\u00a0\u00bbfull\u00a0\u00bb link=\u00a0\u00bbhttps:\/\/www.culturalheritage.org\/events\/annual-meeting\/current-meeting\u00a0\u00bb target=\u00a0\u00bb_blank\u00a0\u00bb margin_bottom=\u00a0\u00bb10&Prime;][\/vc_column][\/vc_row][vc_row][vc_column][vc_empty_space][vc_column_text margin_bottom=\u00a0\u00bb0&Prime; css=\u00a0\u00bb.vc_custom_1775585018373{margin-bottom: 0px !important;}\u00a0\u00bb] Rejoignez-nous au congr\u00e8s conjoint AIC-ACCR 2026 ! Palais des congr\u00e8s de Montr\u00e9al | Montr\u00e9al, Canada 28 avril &#8211; 2 mai 2026 L\u2019Association canadienne pour la conservation et la restauration des biens culturels vous invite chaleureusement \u00e0 participer \u00e0 la 54e assembl\u00e9e annuelle et au congr\u00e8s [&hellip;]<\/p>\n","protected":false},"author":1,"featured_media":0,"parent":0,"menu_order":30,"comment_status":"closed","ping_status":"closed","template":"","meta":{"_acf_changed":false,"rs_blank_template":"","rs_page_bg_color":"","slide_template_v7":"","footnotes":""},"class_list":["post-5226","page","type-page","status-publish","hentry"],"acf":[],"yoast_head":"<!-- This site is optimized with the Yoast SEO plugin v27.4 - https:\/\/yoast.com\/product\/yoast-seo-wordpress\/ -->\n<title>Nos Congr\u00e8s - l&#039;Association canadienne pour la conservation et la restauration des biens culturels<\/title>\n<meta name=\"robots\" content=\"index, follow, max-snippet:-1, max-image-preview:large, max-video-preview:-1\" \/>\n<link rel=\"canonical\" href=\"https:\/\/www.cac-accr.ca\/fr\/nos-congres\/\" \/>\n<meta property=\"og:locale\" content=\"fr_FR\" \/>\n<meta property=\"og:type\" content=\"article\" \/>\n<meta property=\"og:title\" content=\"Nos Congr\u00e8s - l&#039;Association canadienne pour la conservation et la restauration des biens culturels\" \/>\n<meta property=\"og:description\" content=\"[vc_row][vc_column][mk_image src=\u00a0\u00bbhttps:\/\/www.cac-accr.ca\/wp-content\/uploads\/2026\/04\/2026am-flatscreen-design.jpg\u00a0\u00bb image_size=\u00a0\u00bbfull\u00a0\u00bb link=\u00a0\u00bbhttps:\/\/www.culturalheritage.org\/events\/annual-meeting\/current-meeting\u00a0\u00bb target=\u00a0\u00bb_blank\u00a0\u00bb margin_bottom=\u00a0\u00bb10&Prime;][\/vc_column][\/vc_row][vc_row][vc_column][vc_empty_space][vc_column_text margin_bottom=\u00a0\u00bb0&Prime; css=\u00a0\u00bb.vc_custom_1775585018373{margin-bottom: 0px !important;}\u00a0\u00bb] Rejoignez-nous au congr\u00e8s conjoint AIC-ACCR 2026 ! Palais des congr\u00e8s de Montr\u00e9al | Montr\u00e9al, Canada 28 avril &#8211; 2 mai 2026 L\u2019Association canadienne pour la conservation et la restauration des biens culturels vous invite chaleureusement \u00e0 participer \u00e0 la 54e assembl\u00e9e annuelle et au congr\u00e8s [&hellip;]\" \/>\n<meta property=\"og:url\" content=\"https:\/\/www.cac-accr.ca\/fr\/nos-congres\/\" \/>\n<meta property=\"og:site_name\" content=\"l&#039;Association canadienne pour la conservation et la restauration des biens culturels\" \/>\n<meta property=\"article:publisher\" content=\"https:\/\/www.facebook.com\/Canadian-Association-for-Conservation-of-Cultural-Property-289264431135291\/\" \/>\n<meta property=\"article:modified_time\" content=\"2026-04-07T18:03:44+00:00\" \/>\n<meta name=\"twitter:card\" content=\"summary_large_image\" \/>\n<meta name=\"twitter:site\" content=\"@CAC_ACCR\" \/>\n<meta name=\"twitter:label1\" content=\"Dur\u00e9e de lecture estim\u00e9e\" \/>\n\t<meta name=\"twitter:data1\" content=\"2 minutes\" \/>\n<script type=\"application\/ld+json\" class=\"yoast-schema-graph\">{\"@context\":\"https:\\\/\\\/schema.org\",\"@graph\":[{\"@type\":\"WebPage\",\"@id\":\"https:\\\/\\\/www.cac-accr.ca\\\/fr\\\/nos-congres\\\/\",\"url\":\"https:\\\/\\\/www.cac-accr.ca\\\/fr\\\/nos-congres\\\/\",\"name\":\"Nos Congr\u00e8s - l'Association canadienne pour la conservation et la restauration des biens culturels\",\"isPartOf\":{\"@id\":\"https:\\\/\\\/www.cac-accr.ca\\\/fr\\\/#website\"},\"datePublished\":\"2018-01-18T22:34:41+00:00\",\"dateModified\":\"2026-04-07T18:03:44+00:00\",\"breadcrumb\":{\"@id\":\"https:\\\/\\\/www.cac-accr.ca\\\/fr\\\/nos-congres\\\/#breadcrumb\"},\"inLanguage\":\"fr-FR\",\"potentialAction\":[{\"@type\":\"ReadAction\",\"target\":[\"https:\\\/\\\/www.cac-accr.ca\\\/fr\\\/nos-congres\\\/\"]}]},{\"@type\":\"BreadcrumbList\",\"@id\":\"https:\\\/\\\/www.cac-accr.ca\\\/fr\\\/nos-congres\\\/#breadcrumb\",\"itemListElement\":[{\"@type\":\"ListItem\",\"position\":1,\"name\":\"Home\",\"item\":\"https:\\\/\\\/www.cac-accr.ca\\\/fr\\\/\"},{\"@type\":\"ListItem\",\"position\":2,\"name\":\"Nos Congr\u00e8s\"}]},{\"@type\":\"WebSite\",\"@id\":\"https:\\\/\\\/www.cac-accr.ca\\\/fr\\\/#website\",\"url\":\"https:\\\/\\\/www.cac-accr.ca\\\/fr\\\/\",\"name\":\"Canadian Association for Conservation of Cultural Property\",\"description\":\"\",\"publisher\":{\"@id\":\"https:\\\/\\\/www.cac-accr.ca\\\/fr\\\/#organization\"},\"potentialAction\":[{\"@type\":\"SearchAction\",\"target\":{\"@type\":\"EntryPoint\",\"urlTemplate\":\"https:\\\/\\\/www.cac-accr.ca\\\/fr\\\/?s={search_term_string}\"},\"query-input\":{\"@type\":\"PropertyValueSpecification\",\"valueRequired\":true,\"valueName\":\"search_term_string\"}}],\"inLanguage\":\"fr-FR\"},{\"@type\":\"Organization\",\"@id\":\"https:\\\/\\\/www.cac-accr.ca\\\/fr\\\/#organization\",\"name\":\"Canadian Association for Conservation of Cultural Property (CAC)\",\"url\":\"https:\\\/\\\/www.cac-accr.ca\\\/fr\\\/\",\"logo\":{\"@type\":\"ImageObject\",\"inLanguage\":\"fr-FR\",\"@id\":\"https:\\\/\\\/www.cac-accr.ca\\\/fr\\\/#\\\/schema\\\/logo\\\/image\\\/\",\"url\":\"https:\\\/\\\/www.cac-accr.ca\\\/wp-content\\\/uploads\\\/2017\\\/11\\\/cac-accr-logo.png\",\"contentUrl\":\"https:\\\/\\\/www.cac-accr.ca\\\/wp-content\\\/uploads\\\/2017\\\/11\\\/cac-accr-logo.png\",\"width\":390,\"height\":140,\"caption\":\"Canadian Association for Conservation of Cultural Property (CAC)\"},\"image\":{\"@id\":\"https:\\\/\\\/www.cac-accr.ca\\\/fr\\\/#\\\/schema\\\/logo\\\/image\\\/\"},\"sameAs\":[\"https:\\\/\\\/www.facebook.com\\\/Canadian-Association-for-Conservation-of-Cultural-Property-289264431135291\\\/\",\"https:\\\/\\\/x.com\\\/CAC_ACCR\",\"https:\\\/\\\/www.instagram.com\\\/cac_accr\\\/\"]}]}<\/script>\n<!-- \/ Yoast SEO plugin. -->","yoast_head_json":{"title":"Nos Congr\u00e8s - l'Association canadienne pour la conservation et la restauration des biens culturels","robots":{"index":"index","follow":"follow","max-snippet":"max-snippet:-1","max-image-preview":"max-image-preview:large","max-video-preview":"max-video-preview:-1"},"canonical":"https:\/\/www.cac-accr.ca\/fr\/nos-congres\/","og_locale":"fr_FR","og_type":"article","og_title":"Nos Congr\u00e8s - l'Association canadienne pour la conservation et la restauration des biens culturels","og_description":"[vc_row][vc_column][mk_image src=\u00a0\u00bbhttps:\/\/www.cac-accr.ca\/wp-content\/uploads\/2026\/04\/2026am-flatscreen-design.jpg\u00a0\u00bb image_size=\u00a0\u00bbfull\u00a0\u00bb link=\u00a0\u00bbhttps:\/\/www.culturalheritage.org\/events\/annual-meeting\/current-meeting\u00a0\u00bb target=\u00a0\u00bb_blank\u00a0\u00bb margin_bottom=\u00a0\u00bb10&Prime;][\/vc_column][\/vc_row][vc_row][vc_column][vc_empty_space][vc_column_text margin_bottom=\u00a0\u00bb0&Prime; css=\u00a0\u00bb.vc_custom_1775585018373{margin-bottom: 0px !important;}\u00a0\u00bb] Rejoignez-nous au congr\u00e8s conjoint AIC-ACCR 2026 ! Palais des congr\u00e8s de Montr\u00e9al | Montr\u00e9al, Canada 28 avril &#8211; 2 mai 2026 L\u2019Association canadienne pour la conservation et la restauration des biens culturels vous invite chaleureusement \u00e0 participer \u00e0 la 54e assembl\u00e9e annuelle et au congr\u00e8s [&hellip;]","og_url":"https:\/\/www.cac-accr.ca\/fr\/nos-congres\/","og_site_name":"l'Association canadienne pour la conservation et la restauration des biens culturels","article_publisher":"https:\/\/www.facebook.com\/Canadian-Association-for-Conservation-of-Cultural-Property-289264431135291\/","article_modified_time":"2026-04-07T18:03:44+00:00","twitter_card":"summary_large_image","twitter_site":"@CAC_ACCR","twitter_misc":{"Dur\u00e9e de lecture estim\u00e9e":"2 minutes"},"schema":{"@context":"https:\/\/schema.org","@graph":[{"@type":"WebPage","@id":"https:\/\/www.cac-accr.ca\/fr\/nos-congres\/","url":"https:\/\/www.cac-accr.ca\/fr\/nos-congres\/","name":"Nos Congr\u00e8s - l'Association canadienne pour la conservation et la restauration des biens culturels","isPartOf":{"@id":"https:\/\/www.cac-accr.ca\/fr\/#website"},"datePublished":"2018-01-18T22:34:41+00:00","dateModified":"2026-04-07T18:03:44+00:00","breadcrumb":{"@id":"https:\/\/www.cac-accr.ca\/fr\/nos-congres\/#breadcrumb"},"inLanguage":"fr-FR","potentialAction":[{"@type":"ReadAction","target":["https:\/\/www.cac-accr.ca\/fr\/nos-congres\/"]}]},{"@type":"BreadcrumbList","@id":"https:\/\/www.cac-accr.ca\/fr\/nos-congres\/#breadcrumb","itemListElement":[{"@type":"ListItem","position":1,"name":"Home","item":"https:\/\/www.cac-accr.ca\/fr\/"},{"@type":"ListItem","position":2,"name":"Nos Congr\u00e8s"}]},{"@type":"WebSite","@id":"https:\/\/www.cac-accr.ca\/fr\/#website","url":"https:\/\/www.cac-accr.ca\/fr\/","name":"Canadian Association for Conservation of Cultural Property","description":"","publisher":{"@id":"https:\/\/www.cac-accr.ca\/fr\/#organization"},"potentialAction":[{"@type":"SearchAction","target":{"@type":"EntryPoint","urlTemplate":"https:\/\/www.cac-accr.ca\/fr\/?s={search_term_string}"},"query-input":{"@type":"PropertyValueSpecification","valueRequired":true,"valueName":"search_term_string"}}],"inLanguage":"fr-FR"},{"@type":"Organization","@id":"https:\/\/www.cac-accr.ca\/fr\/#organization","name":"Canadian Association for Conservation of Cultural Property (CAC)","url":"https:\/\/www.cac-accr.ca\/fr\/","logo":{"@type":"ImageObject","inLanguage":"fr-FR","@id":"https:\/\/www.cac-accr.ca\/fr\/#\/schema\/logo\/image\/","url":"https:\/\/www.cac-accr.ca\/wp-content\/uploads\/2017\/11\/cac-accr-logo.png","contentUrl":"https:\/\/www.cac-accr.ca\/wp-content\/uploads\/2017\/11\/cac-accr-logo.png","width":390,"height":140,"caption":"Canadian Association for Conservation of Cultural Property (CAC)"},"image":{"@id":"https:\/\/www.cac-accr.ca\/fr\/#\/schema\/logo\/image\/"},"sameAs":["https:\/\/www.facebook.com\/Canadian-Association-for-Conservation-of-Cultural-Property-289264431135291\/","https:\/\/x.com\/CAC_ACCR","https:\/\/www.instagram.com\/cac_accr\/"]}]}},"_links":{"self":[{"href":"https:\/\/www.cac-accr.ca\/fr\/wp-json\/wp\/v2\/pages\/5226","targetHints":{"allow":["GET"]}}],"collection":[{"href":"https:\/\/www.cac-accr.ca\/fr\/wp-json\/wp\/v2\/pages"}],"about":[{"href":"https:\/\/www.cac-accr.ca\/fr\/wp-json\/wp\/v2\/types\/page"}],"author":[{"embeddable":true,"href":"https:\/\/www.cac-accr.ca\/fr\/wp-json\/wp\/v2\/users\/1"}],"replies":[{"embeddable":true,"href":"https:\/\/www.cac-accr.ca\/fr\/wp-json\/wp\/v2\/comments?post=5226"}],"version-history":[{"count":9,"href":"https:\/\/www.cac-accr.ca\/fr\/wp-json\/wp\/v2\/pages\/5226\/revisions"}],"predecessor-version":[{"id":27272,"href":"https:\/\/www.cac-accr.ca\/fr\/wp-json\/wp\/v2\/pages\/5226\/revisions\/27272"}],"wp:attachment":[{"href":"https:\/\/www.cac-accr.ca\/fr\/wp-json\/wp\/v2\/media?parent=5226"}],"curies":[{"name":"wp","href":"https:\/\/api.w.org\/{rel}","templated":true}]}}