{"id":22710,"date":"2022-09-29T14:37:59","date_gmt":"2022-09-29T18:37:59","guid":{"rendered":"https:\/\/www.cac-accr.ca\/product\/adhesion-accr-debut-carriere\/"},"modified":"2024-11-17T21:03:14","modified_gmt":"2024-11-18T02:03:14","slug":"adhesion-accr-debut-carriere","status":"publish","type":"product","link":"https:\/\/www.cac-accr.ca\/fr\/produit\/adhesion-accr-debut-carriere\/","title":{"rendered":"Adh\u00e9sion ACCR &#8211; Membre en d\u00e9but de carri\u00e8re (1 an)"},"content":{"rendered":"","protected":false},"excerpt":{"rendered":"<p>Les personnes r\u00e9cemment dipl\u00f4m\u00e9es, au cours des trois premi\u00e8res ann\u00e9es suivant l&rsquo;obtention du dipl\u00f4me, dans le domaine de la conservation-restauration, des sciences du patrimoine ou d&rsquo;une profession connexe.<\/p>\n<ul>\n<li>Acc\u00e8s complet aux contenus en ligne<\/li>\n<li>Bulletin de l\u2019ACCR publi\u00e9 \u00e9lectroniquement trois fois par ann\u00e9e<\/li>\n<li>Journal de l\u2019ACCR publi\u00e9 une fois par ann\u00e9e<\/li>\n<li>Acc\u00e8s au programme de prix et bourses de l\u2019ACCR<\/li>\n<li>Droit de vote<\/li>\n<li>Et plus !<\/li>\n<\/ul>\n","protected":false},"featured_media":5257,"template":"","meta":{"_acf_changed":false,"rs_blank_template":"","rs_page_bg_color":"","slide_template_v7":""},"product_brand":[],"product_cat":[100],"product_tag":[],"class_list":{"0":"post-22710","1":"product","2":"type-product","3":"status-publish","4":"has-post-thumbnail","6":"product_cat-adhesions","8":"first","9":"instock","10":"shipping-taxable","11":"purchasable","12":"product-type-simple"},"group_of_quantity":0,"min_quantity":0,"max_quantity":"","exclude_order_quantity_value_rules":"no","exclude_category_quantity_rules":"no","combine_variations":"no","exclude_global_add_ons":false,"addons":[{"name":"Nom du coll\u00e8ge\/universit\u00e9","type":"custom_text","position":0,"required":true,"title_format":"label","default":"","description_enable":true,"description":"Veuiller sp\u00e9cifier le nom de votre coll\u00e8ge ou universit\u00e9.","placeholder_enable":false,"placeholder":"","display":"select","restrictions_type":"any_text","adjust_price":false,"price":"","price_type":"flat_fee","restrictions":false,"min":"0","max":"0","options":[],"id":1731877394},{"name":"Ann\u00e9e de graduation","type":"multiple_choice","position":1,"required":true,"title_format":"label","default":"","description_enable":true,"description":"Veuillez pr\u00e9ciser votre ann\u00e9e de graduation (Note: Doit \u00eatre durant 3 derni\u00e8res ann\u00e9es).","placeholder_enable":false,"placeholder":"","display":"select","restrictions_type":"any_text","adjust_price":false,"price":"","price_type":"quantity_based","restrictions":true,"min":"2019","max":"2022","options":[{"label":"2022","price":"","price_type":"flat_fee","image":0,"visibility":true},{"label":"2023","price":"","price_type":"flat_fee","image":0,"visibility":true},{"label":"2024","price":"","price_type":"flat_fee","image":0,"visibility":true}],"id":1731877395},{"name":"Membre bienfaiteur","type":"heading","position":2,"required":false,"title_format":"label","default":"","description_enable":true,"description":"Personnes ou institutions qui font don d\u2019une somme plus importante que les frais d\u2019adh\u00e9sion annuels dans leur cat\u00e9gorie de membre lors d\u2019un m\u00eame exercice financier. Les noms des membres bienfaiteurs peuvent \u00eatre publi\u00e9s pour souligner leur soutien, \u00e0 la discr\u00e9tion du conseil d\u2019administration. M\u00eames droits et avantages que ceux r\u00e9serv\u00e9s aux membres individuels ou \u00e9tudiants dans le cas des personnes et m\u00eames droits et avantages que ceux r\u00e9serv\u00e9s aux membres institutionnels dans le cas des institutions. Un vote durant les assembl\u00e9es. Un re\u00e7u d\u2019imp\u00f4t du plein montant sera \u00e9mis pour tous les dons de 10$ ou plus faits en ligne. L\u2019ARC exige le nom et l\u2019adresse compl\u00e8te du donateur afin qu\u2019un organisme de charit\u00e9 puisse \u00e9mettre un re\u00e7u d\u2019imp\u00f4t.","placeholder_enable":false,"placeholder":"","display":"select","restrictions_type":"any_text","adjust_price":false,"price":"","price_type":"flat_fee","restrictions":false,"min":"0","max":"0","options":[],"id":1731877396},{"name":"Montant du don","type":"custom_price","position":3,"required":false,"title_format":"label","default":"","description_enable":false,"description":"","placeholder_enable":false,"placeholder":"","display":"select","restrictions_type":"any_text","adjust_price":false,"price":"","price_type":"quantity_based","restrictions":true,"min":"10","max":"0","options":[],"id":1731877397}],"acf":[],"yoast_head":"<!-- This site is optimized with the Yoast SEO plugin v27.3 - https:\/\/yoast.com\/product\/yoast-seo-wordpress\/ -->\n<title>Adh\u00e9sion ACCR - Membre en d\u00e9but de carri\u00e8re (1 an) - l&#039;Association canadienne pour la conservation et la restauration des biens culturels<\/title>\n<meta name=\"robots\" content=\"index, follow, max-snippet:-1, max-image-preview:large, max-video-preview:-1\" \/>\n<link rel=\"canonical\" href=\"https:\/\/www.cac-accr.ca\/fr\/produit\/adhesion-accr-debut-carriere\/\" \/>\n<meta property=\"og:locale\" content=\"fr_FR\" \/>\n<meta property=\"og:type\" content=\"article\" \/>\n<meta property=\"og:title\" content=\"Adh\u00e9sion ACCR - Membre en d\u00e9but de carri\u00e8re (1 an) - l&#039;Association canadienne pour la conservation et la restauration des biens culturels\" \/>\n<meta property=\"og:description\" content=\"Les personnes r\u00e9cemment dipl\u00f4m\u00e9es, au cours des trois premi\u00e8res ann\u00e9es suivant l&#039;obtention du dipl\u00f4me, dans le domaine de la conservation-restauration, des sciences du patrimoine ou d&#039;une profession connexe.   Acc\u00e8s complet aux contenus en ligne  Bulletin de l\u2019ACCR publi\u00e9 \u00e9lectroniquement trois fois par ann\u00e9e  Journal de l\u2019ACCR publi\u00e9 une fois par ann\u00e9e  Acc\u00e8s au programme de prix et bourses de l\u2019ACCR  Droit de vote  Et plus !\" \/>\n<meta property=\"og:url\" content=\"https:\/\/www.cac-accr.ca\/fr\/produit\/adhesion-accr-debut-carriere\/\" \/>\n<meta property=\"og:site_name\" content=\"l&#039;Association canadienne pour la conservation et la restauration des biens culturels\" \/>\n<meta property=\"article:publisher\" content=\"https:\/\/www.facebook.com\/Canadian-Association-for-Conservation-of-Cultural-Property-289264431135291\/\" \/>\n<meta property=\"article:modified_time\" content=\"2024-11-18T02:03:14+00:00\" \/>\n<meta property=\"og:image\" content=\"https:\/\/www.cac-accr.ca\/wp-content\/uploads\/2018\/01\/cac-accr-1.jpg\" \/>\n\t<meta property=\"og:image:width\" content=\"600\" \/>\n\t<meta property=\"og:image:height\" content=\"600\" \/>\n\t<meta property=\"og:image:type\" content=\"image\/jpeg\" \/>\n<meta name=\"twitter:card\" content=\"summary_large_image\" \/>\n<meta name=\"twitter:site\" content=\"@CAC_ACCR\" \/>\n<meta name=\"twitter:label1\" content=\"Dur\u00e9e de lecture estim\u00e9e\" \/>\n\t<meta name=\"twitter:data1\" content=\"1 minute\" \/>\n<script type=\"application\/ld+json\" class=\"yoast-schema-graph\">{\"@context\":\"https:\\\/\\\/schema.org\",\"@graph\":[{\"@type\":\"WebPage\",\"@id\":\"https:\\\/\\\/www.cac-accr.ca\\\/fr\\\/produit\\\/adhesion-accr-debut-carriere\\\/\",\"url\":\"https:\\\/\\\/www.cac-accr.ca\\\/fr\\\/produit\\\/adhesion-accr-debut-carriere\\\/\",\"name\":\"Adh\u00e9sion ACCR - Membre en d\u00e9but de carri\u00e8re (1 an) - l'Association canadienne pour la conservation et la restauration des biens culturels\",\"isPartOf\":{\"@id\":\"https:\\\/\\\/www.cac-accr.ca\\\/fr\\\/#website\"},\"primaryImageOfPage\":{\"@id\":\"https:\\\/\\\/www.cac-accr.ca\\\/fr\\\/produit\\\/adhesion-accr-debut-carriere\\\/#primaryimage\"},\"image\":{\"@id\":\"https:\\\/\\\/www.cac-accr.ca\\\/fr\\\/produit\\\/adhesion-accr-debut-carriere\\\/#primaryimage\"},\"thumbnailUrl\":\"https:\\\/\\\/www.cac-accr.ca\\\/wp-content\\\/uploads\\\/2018\\\/01\\\/cac-accr-1.jpg\",\"datePublished\":\"2022-09-29T18:37:59+00:00\",\"dateModified\":\"2024-11-18T02:03:14+00:00\",\"breadcrumb\":{\"@id\":\"https:\\\/\\\/www.cac-accr.ca\\\/fr\\\/produit\\\/adhesion-accr-debut-carriere\\\/#breadcrumb\"},\"inLanguage\":\"fr-FR\",\"potentialAction\":[{\"@type\":\"ReadAction\",\"target\":[\"https:\\\/\\\/www.cac-accr.ca\\\/fr\\\/produit\\\/adhesion-accr-debut-carriere\\\/\"]}]},{\"@type\":\"ImageObject\",\"inLanguage\":\"fr-FR\",\"@id\":\"https:\\\/\\\/www.cac-accr.ca\\\/fr\\\/produit\\\/adhesion-accr-debut-carriere\\\/#primaryimage\",\"url\":\"https:\\\/\\\/www.cac-accr.ca\\\/wp-content\\\/uploads\\\/2018\\\/01\\\/cac-accr-1.jpg\",\"contentUrl\":\"https:\\\/\\\/www.cac-accr.ca\\\/wp-content\\\/uploads\\\/2018\\\/01\\\/cac-accr-1.jpg\",\"width\":600,\"height\":600},{\"@type\":\"BreadcrumbList\",\"@id\":\"https:\\\/\\\/www.cac-accr.ca\\\/fr\\\/produit\\\/adhesion-accr-debut-carriere\\\/#breadcrumb\",\"itemListElement\":[{\"@type\":\"ListItem\",\"position\":1,\"name\":\"Home\",\"item\":\"https:\\\/\\\/www.cac-accr.ca\\\/fr\\\/\"},{\"@type\":\"ListItem\",\"position\":2,\"name\":\"Boutique\",\"item\":\"https:\\\/\\\/www.cac-accr.ca\\\/fr\\\/boutique\\\/\"},{\"@type\":\"ListItem\",\"position\":3,\"name\":\"Adh\u00e9sion ACCR &#8211; Membre en d\u00e9but de carri\u00e8re (1 an)\"}]},{\"@type\":\"WebSite\",\"@id\":\"https:\\\/\\\/www.cac-accr.ca\\\/fr\\\/#website\",\"url\":\"https:\\\/\\\/www.cac-accr.ca\\\/fr\\\/\",\"name\":\"Canadian Association for Conservation of Cultural Property\",\"description\":\"\",\"publisher\":{\"@id\":\"https:\\\/\\\/www.cac-accr.ca\\\/fr\\\/#organization\"},\"potentialAction\":[{\"@type\":\"SearchAction\",\"target\":{\"@type\":\"EntryPoint\",\"urlTemplate\":\"https:\\\/\\\/www.cac-accr.ca\\\/fr\\\/?s={search_term_string}\"},\"query-input\":{\"@type\":\"PropertyValueSpecification\",\"valueRequired\":true,\"valueName\":\"search_term_string\"}}],\"inLanguage\":\"fr-FR\"},{\"@type\":\"Organization\",\"@id\":\"https:\\\/\\\/www.cac-accr.ca\\\/fr\\\/#organization\",\"name\":\"Canadian Association for Conservation of Cultural Property (CAC)\",\"url\":\"https:\\\/\\\/www.cac-accr.ca\\\/fr\\\/\",\"logo\":{\"@type\":\"ImageObject\",\"inLanguage\":\"fr-FR\",\"@id\":\"https:\\\/\\\/www.cac-accr.ca\\\/fr\\\/#\\\/schema\\\/logo\\\/image\\\/\",\"url\":\"https:\\\/\\\/www.cac-accr.ca\\\/wp-content\\\/uploads\\\/2017\\\/11\\\/cac-accr-logo.png\",\"contentUrl\":\"https:\\\/\\\/www.cac-accr.ca\\\/wp-content\\\/uploads\\\/2017\\\/11\\\/cac-accr-logo.png\",\"width\":390,\"height\":140,\"caption\":\"Canadian Association for Conservation of Cultural Property (CAC)\"},\"image\":{\"@id\":\"https:\\\/\\\/www.cac-accr.ca\\\/fr\\\/#\\\/schema\\\/logo\\\/image\\\/\"},\"sameAs\":[\"https:\\\/\\\/www.facebook.com\\\/Canadian-Association-for-Conservation-of-Cultural-Property-289264431135291\\\/\",\"https:\\\/\\\/x.com\\\/CAC_ACCR\",\"https:\\\/\\\/www.instagram.com\\\/cac_accr\\\/\"]}]}<\/script>\n<!-- \/ Yoast SEO plugin. -->","yoast_head_json":{"title":"Adh\u00e9sion ACCR - Membre en d\u00e9but de carri\u00e8re (1 an) - l'Association canadienne pour la conservation et la restauration des biens culturels","robots":{"index":"index","follow":"follow","max-snippet":"max-snippet:-1","max-image-preview":"max-image-preview:large","max-video-preview":"max-video-preview:-1"},"canonical":"https:\/\/www.cac-accr.ca\/fr\/produit\/adhesion-accr-debut-carriere\/","og_locale":"fr_FR","og_type":"article","og_title":"Adh\u00e9sion ACCR - Membre en d\u00e9but de carri\u00e8re (1 an) - l'Association canadienne pour la conservation et la restauration des biens culturels","og_description":"Les personnes r\u00e9cemment dipl\u00f4m\u00e9es, au cours des trois premi\u00e8res ann\u00e9es suivant l'obtention du dipl\u00f4me, dans le domaine de la conservation-restauration, des sciences du patrimoine ou d'une profession connexe.   Acc\u00e8s complet aux contenus en ligne  Bulletin de l\u2019ACCR publi\u00e9 \u00e9lectroniquement trois fois par ann\u00e9e  Journal de l\u2019ACCR publi\u00e9 une fois par ann\u00e9e  Acc\u00e8s au programme de prix et bourses de l\u2019ACCR  Droit de vote  Et plus !","og_url":"https:\/\/www.cac-accr.ca\/fr\/produit\/adhesion-accr-debut-carriere\/","og_site_name":"l'Association canadienne pour la conservation et la restauration des biens culturels","article_publisher":"https:\/\/www.facebook.com\/Canadian-Association-for-Conservation-of-Cultural-Property-289264431135291\/","article_modified_time":"2024-11-18T02:03:14+00:00","og_image":[{"width":600,"height":600,"url":"https:\/\/www.cac-accr.ca\/wp-content\/uploads\/2018\/01\/cac-accr-1.jpg","type":"image\/jpeg"}],"twitter_card":"summary_large_image","twitter_site":"@CAC_ACCR","twitter_misc":{"Dur\u00e9e de lecture estim\u00e9e":"1 minute"},"schema":{"@context":"https:\/\/schema.org","@graph":[{"@type":"WebPage","@id":"https:\/\/www.cac-accr.ca\/fr\/produit\/adhesion-accr-debut-carriere\/","url":"https:\/\/www.cac-accr.ca\/fr\/produit\/adhesion-accr-debut-carriere\/","name":"Adh\u00e9sion ACCR - Membre en d\u00e9but de carri\u00e8re (1 an) - l'Association canadienne pour la conservation et la restauration des biens culturels","isPartOf":{"@id":"https:\/\/www.cac-accr.ca\/fr\/#website"},"primaryImageOfPage":{"@id":"https:\/\/www.cac-accr.ca\/fr\/produit\/adhesion-accr-debut-carriere\/#primaryimage"},"image":{"@id":"https:\/\/www.cac-accr.ca\/fr\/produit\/adhesion-accr-debut-carriere\/#primaryimage"},"thumbnailUrl":"https:\/\/www.cac-accr.ca\/wp-content\/uploads\/2018\/01\/cac-accr-1.jpg","datePublished":"2022-09-29T18:37:59+00:00","dateModified":"2024-11-18T02:03:14+00:00","breadcrumb":{"@id":"https:\/\/www.cac-accr.ca\/fr\/produit\/adhesion-accr-debut-carriere\/#breadcrumb"},"inLanguage":"fr-FR","potentialAction":[{"@type":"ReadAction","target":["https:\/\/www.cac-accr.ca\/fr\/produit\/adhesion-accr-debut-carriere\/"]}]},{"@type":"ImageObject","inLanguage":"fr-FR","@id":"https:\/\/www.cac-accr.ca\/fr\/produit\/adhesion-accr-debut-carriere\/#primaryimage","url":"https:\/\/www.cac-accr.ca\/wp-content\/uploads\/2018\/01\/cac-accr-1.jpg","contentUrl":"https:\/\/www.cac-accr.ca\/wp-content\/uploads\/2018\/01\/cac-accr-1.jpg","width":600,"height":600},{"@type":"BreadcrumbList","@id":"https:\/\/www.cac-accr.ca\/fr\/produit\/adhesion-accr-debut-carriere\/#breadcrumb","itemListElement":[{"@type":"ListItem","position":1,"name":"Home","item":"https:\/\/www.cac-accr.ca\/fr\/"},{"@type":"ListItem","position":2,"name":"Boutique","item":"https:\/\/www.cac-accr.ca\/fr\/boutique\/"},{"@type":"ListItem","position":3,"name":"Adh\u00e9sion ACCR &#8211; Membre en d\u00e9but de carri\u00e8re (1 an)"}]},{"@type":"WebSite","@id":"https:\/\/www.cac-accr.ca\/fr\/#website","url":"https:\/\/www.cac-accr.ca\/fr\/","name":"Canadian Association for Conservation of Cultural Property","description":"","publisher":{"@id":"https:\/\/www.cac-accr.ca\/fr\/#organization"},"potentialAction":[{"@type":"SearchAction","target":{"@type":"EntryPoint","urlTemplate":"https:\/\/www.cac-accr.ca\/fr\/?s={search_term_string}"},"query-input":{"@type":"PropertyValueSpecification","valueRequired":true,"valueName":"search_term_string"}}],"inLanguage":"fr-FR"},{"@type":"Organization","@id":"https:\/\/www.cac-accr.ca\/fr\/#organization","name":"Canadian Association for Conservation of Cultural Property (CAC)","url":"https:\/\/www.cac-accr.ca\/fr\/","logo":{"@type":"ImageObject","inLanguage":"fr-FR","@id":"https:\/\/www.cac-accr.ca\/fr\/#\/schema\/logo\/image\/","url":"https:\/\/www.cac-accr.ca\/wp-content\/uploads\/2017\/11\/cac-accr-logo.png","contentUrl":"https:\/\/www.cac-accr.ca\/wp-content\/uploads\/2017\/11\/cac-accr-logo.png","width":390,"height":140,"caption":"Canadian Association for Conservation of Cultural Property (CAC)"},"image":{"@id":"https:\/\/www.cac-accr.ca\/fr\/#\/schema\/logo\/image\/"},"sameAs":["https:\/\/www.facebook.com\/Canadian-Association-for-Conservation-of-Cultural-Property-289264431135291\/","https:\/\/x.com\/CAC_ACCR","https:\/\/www.instagram.com\/cac_accr\/"]}]}},"_links":{"self":[{"href":"https:\/\/www.cac-accr.ca\/fr\/wp-json\/wp\/v2\/product\/22710","targetHints":{"allow":["GET"]}}],"collection":[{"href":"https:\/\/www.cac-accr.ca\/fr\/wp-json\/wp\/v2\/product"}],"about":[{"href":"https:\/\/www.cac-accr.ca\/fr\/wp-json\/wp\/v2\/types\/product"}],"wp:featuredmedia":[{"embeddable":true,"href":"https:\/\/www.cac-accr.ca\/fr\/wp-json\/wp\/v2\/media\/5257"}],"wp:attachment":[{"href":"https:\/\/www.cac-accr.ca\/fr\/wp-json\/wp\/v2\/media?parent=22710"}],"wp:term":[{"taxonomy":"product_brand","embeddable":true,"href":"https:\/\/www.cac-accr.ca\/fr\/wp-json\/wp\/v2\/product_brand?post=22710"},{"taxonomy":"product_cat","embeddable":true,"href":"https:\/\/www.cac-accr.ca\/fr\/wp-json\/wp\/v2\/product_cat?post=22710"},{"taxonomy":"product_tag","embeddable":true,"href":"https:\/\/www.cac-accr.ca\/fr\/wp-json\/wp\/v2\/product_tag?post=22710"}],"curies":[{"name":"wp","href":"https:\/\/api.w.org\/{rel}","templated":true}]}}